{"id":72,"date":"2025-09-11T13:38:09","date_gmt":"2025-09-11T13:38:09","guid":{"rendered":"https:\/\/www.carinelanthier.com\/?page_id=72"},"modified":"2026-04-28T14:29:22","modified_gmt":"2026-04-28T14:29:22","slug":"bienvenue-carine-lanthier-therapeute-en-bien-etre-vitalite","status":"publish","type":"page","link":"https:\/\/www.carinelanthier.com\/index.php\/bienvenue-carine-lanthier-therapeute-en-bien-etre-vitalite\/","title":{"rendered":"Bienvenue"},"content":{"rendered":"\n<h4 class=\"wp-block-heading has-text-align-center\">Bonjour, <\/h4>\n\n\n\n<p style=\"padding-right:var(--wp--preset--spacing--40);padding-left:var(--wp--preset--spacing--40)\">Les facteurs environnementaux, les exigences de notre rythme de vie perturbent notre sant\u00e9 corporelle et\/ou psychique.<\/p>\n\n\n\n<p style=\"padding-right:var(--wp--preset--spacing--40);padding-left:var(--wp--preset--spacing--40)\">S\u2019agissant de retrouver bien-\u00eatre et \u00e9quilibre ou de soutenir l\u2019action th\u00e9rapeutique de vos traitements dans le cadre d\u2019une pathologie diagnostiqu\u00e9e, la m\u00e9decine chinoise s\u2019av\u00e8re \u00eatre un atout remarquable et un v\u00e9ritable alli\u00e9 pour votre sant\u00e9.<\/p>\n\n\n\n<p style=\"padding-top:var(--wp--preset--spacing--20);padding-right:var(--wp--preset--spacing--70);padding-bottom:var(--wp--preset--spacing--20);padding-left:var(--wp--preset--spacing--70)\">Je suis Carine Lanthier, th\u00e9rapeute en \u00e9nerg\u00e9tique traditionnelle chinoise sp\u00e9cialis\u00e9e dans la sant\u00e9 des femmes.\u00a0<br>(J\u2019utilise Terapiz pour la prise de RDV). <br><br>J\u2019ai grandi et pass\u00e9 toute mon enfance dans la campagne haut-savoyarde d\u2019un village situ\u00e9 au-dessus d\u2019Annecy-le-Vieux. Sportive, tr\u00e8s curieuse et \u00e9merveill\u00e9 par la puissance de la Nature, j\u2019ai toujours cherch\u00e9 des rem\u00e8des naturels aux petits maux dans la phytoth\u00e9rapie occidentale. J\u2019arpente les montagnes et comme beaucoup, m\u2019\u00e9merveille de la splendeur des paysages mais chacun de mes pas regarde par terre et m\u2019offre l\u2019occasion de reconna\u00eetre la flore qui se pr\u00e9sente sur mon passage. C\u2019est aussi simplement devant le gazon, assise par terre avec mes livres que\u00a0 j\u2019ai appris les vertus m\u00e9dicinales de ce que les gens qualifient de \u00ab\u00a0mauvaises herbes\u00a0\u00bb et que j\u2019allais cueillir plus tard au gr\u00e9 des besoins.<\/p>\n\n\n\n<div class=\"wp-block-media-text is-stacked-on-mobile\" style=\"grid-template-columns:32% auto\"><figure class=\"wp-block-media-text__media\"><img loading=\"lazy\" decoding=\"async\" width=\"343\" height=\"202\" src=\"https:\/\/www.carinelanthier.com\/wp-content\/uploads\/2025\/09\/\u00a9lestudioz-carine-lanthier-bien-etre-et-vitalite-annecy-12.png\" alt=\"Carine Lanthier dans un bilan \u00e9nerg\u00e9tique\" class=\"wp-image-261 size-full\" srcset=\"https:\/\/www.carinelanthier.com\/wp-content\/uploads\/2025\/09\/\u00a9lestudioz-carine-lanthier-bien-etre-et-vitalite-annecy-12.png 343w, https:\/\/www.carinelanthier.com\/wp-content\/uploads\/2025\/09\/\u00a9lestudioz-carine-lanthier-bien-etre-et-vitalite-annecy-12-300x177.png 300w\" sizes=\"auto, (max-width: 343px) 100vw, 343px\" \/><\/figure><div class=\"wp-block-media-text__content\">\n<blockquote class=\"wp-block-quote is-layout-flow wp-block-quote-is-layout-flow\">\n<p><em>La beaut\u00e9 na\u00eet de la rencontre entre le monde et l&rsquo;\u00eatre humain qui le per\u00e7oit.<br>\u00ab\u00a0J&rsquo;ai vu une herbe folle<\/em><br><em>Quand j&rsquo;ai su son nom<br>Je l&rsquo;ai trouv\u00e9e plus belle.\u00a0\u00bb &#8211; Hubert Reeves<\/em><\/p>\n<\/blockquote>\n<\/div><\/div>\n\n\n\n<p style=\"padding-right:var(--wp--preset--spacing--70);padding-left:var(--wp--preset--spacing--70)\">En 2019, je d\u00e9marre,  apr\u00e8s un cursus dans le management d&rsquo;\u00e9quipes pendant 20 ans, des \u00e9tudes de m\u00e9decine chinoise, domaine de connaissances que je feuilletais depuis de nombreuses ann\u00e9es au travers de quelques livres et qui m\u2019invitait de plus en plus \u00e0 une \u00e9tude approfondie.<\/p>\n\n\n\n<p style=\"padding-right:var(--wp--preset--spacing--70);padding-left:var(--wp--preset--spacing--70)\">Cette \u00e9tude se dessinait au d\u00e9part comme une curiosit\u00e9 intellectuelle venant enrichir ma pratique du Qi Gong. L\u2019approche traditionnelle chinoise s\u2019est rapidement impos\u00e9e comme un domaine de pens\u00e9e passionnant qu\u2019il me fallait investir pleinement. Aujourd\u2019hui form\u00e9e \u00e0 l&rsquo;usage des outils usuels de la tradition chinoise je mets en relation ma volont\u00e9 de venir en aide, mes qualit\u00e9s humaines et de solides connaissances transmises par l\u2019institut Liang Shen de m\u00e9decine chinoise \u00e0 Gen\u00e8ve.<\/p>\n\n\n\n<div class=\"wp-block-media-text has-media-on-the-right is-stacked-on-mobile\" style=\"grid-template-columns:auto 32%\"><div class=\"wp-block-media-text__content\">\n<blockquote class=\"wp-block-quote is-layout-flow wp-block-quote-is-layout-flow\">\n<p><em>\u00ab&nbsp;Produire sans s&rsquo;approprier, agir sans rien attendre, guider sans contraindre, voil\u00e0 la vertu supr\u00eame&nbsp;\u00bb &#8211; Lao Tseu<\/em><\/p>\n<\/blockquote>\n<\/div><figure class=\"wp-block-media-text__media\"><img loading=\"lazy\" decoding=\"async\" width=\"343\" height=\"202\" src=\"https:\/\/www.carinelanthier.com\/wp-content\/uploads\/2025\/09\/\u00a9lestudioz-carine-lanthier-bien-etre-et-vitalite-annecy-15.png\" alt=\"Massage bien-\u00eatre du dos.\" class=\"wp-image-264 size-full\" srcset=\"https:\/\/www.carinelanthier.com\/wp-content\/uploads\/2025\/09\/\u00a9lestudioz-carine-lanthier-bien-etre-et-vitalite-annecy-15.png 343w, https:\/\/www.carinelanthier.com\/wp-content\/uploads\/2025\/09\/\u00a9lestudioz-carine-lanthier-bien-etre-et-vitalite-annecy-15-300x177.png 300w\" sizes=\"auto, (max-width: 343px) 100vw, 343px\" \/><\/figure><\/div>\n\n\n\n<h4 class=\"wp-block-heading\" style=\"padding-right:var(--wp--preset--spacing--40);padding-left:var(--wp--preset--spacing--40)\">Ma Formation<\/h4>\n\n\n\n<ul class=\"wp-block-list\">\n<li style=\"padding-right:var(--wp--preset--spacing--40);padding-left:var(--wp--preset--spacing--40)\">Cycle fondamental en 5 ans \u00e0 l\u2019institut Liang Shen de m\u00e9decine chinoise de Gen\u00e8ve comprenant&nbsp;les cours th\u00e9oriques et pratiques suivants :<br>&#8211; Th\u00e9ories fondamentales de la M\u00e9decine Chinoise<br>&#8211; Traitements externes &#8211; Acupuncture &#8211; Moxibustion<br>&#8211; Th\u00e9rapies Manuelles &#8211; massages chinois Tuina Zhenggu<br>&#8211; Phytoth\u00e9rapie<\/li>\n<\/ul>\n\n\n\n<ul class=\"wp-block-list\">\n<li style=\"padding-right:var(--wp--preset--spacing--40);padding-left:var(--wp--preset--spacing--40)\">Formation compl\u00e9mentaires&nbsp;:<br>&#8211; Master class sp\u00e9cialis\u00e9 en gyn\u00e9cologie<br>&#8211; Connaissances de base en m\u00e9decine acad\u00e9mique&nbsp;: Anatomie &#8211; Physiologie &#8211; Pathologie<br>&#8211; Stages en cabinet<\/li>\n<\/ul>\n\n\n\n<div style=\"height:25px\" aria-hidden=\"true\" class=\"wp-block-spacer\"><\/div>\n\n\n\n<hr class=\"wp-block-separator has-alpha-channel-opacity is-style-wide\"\/>\n\n\n\n<div class=\"wp-block-group bricksy-general-two-column-text is-layout-constrained wp-container-core-group-is-layout-0281600f wp-block-group-is-layout-constrained\" style=\"padding-top:3rem;padding-right:3rem;padding-bottom:3rem;padding-left:3rem\">\n<div class=\"wp-block-columns is-layout-flex wp-container-core-columns-is-layout-2b3b5f9e wp-block-columns-is-layout-flex\">\n<div class=\"wp-block-column is-layout-flow wp-block-column-is-layout-flow\" style=\"flex-basis:100%\">\n<div class=\"wp-block-group alignfull emoly-features is-layout-flow wp-block-group-is-layout-flow\" style=\"padding-top:0px;padding-right:0px;padding-bottom:0px;padding-left:0px\">\n<div class=\"wp-block-columns alignfull is-layout-flex wp-container-core-columns-is-layout-6885ed49 wp-block-columns-is-layout-flex\">\n<div class=\"wp-block-column is-layout-flow wp-block-column-is-layout-flow\">\n<figure class=\"wp-block-image aligncenter size-full is-resized\"><img loading=\"lazy\" decoding=\"async\" width=\"473\" height=\"473\" src=\"https:\/\/www.carinelanthier.com\/wp-content\/uploads\/2025\/09\/Carine-Lanthier-therapeut-bien-etre-vitalite-tradition-chinoise-19.png\" alt=\"\" class=\"wp-image-298\" style=\"object-fit:contain;width:97px;height:75px\" srcset=\"https:\/\/www.carinelanthier.com\/wp-content\/uploads\/2025\/09\/Carine-Lanthier-therapeut-bien-etre-vitalite-tradition-chinoise-19.png 473w, https:\/\/www.carinelanthier.com\/wp-content\/uploads\/2025\/09\/Carine-Lanthier-therapeut-bien-etre-vitalite-tradition-chinoise-19-300x300.png 300w, https:\/\/www.carinelanthier.com\/wp-content\/uploads\/2025\/09\/Carine-Lanthier-therapeut-bien-etre-vitalite-tradition-chinoise-19-150x150.png 150w\" sizes=\"auto, (max-width: 473px) 100vw, 473px\" \/><\/figure>\n\n\n\n<h2 class=\"wp-block-heading has-text-align-center has-large-font-size\" id=\"a-top-service\">Ma m\u00e9thode<\/h2>\n\n\n\n<p class=\"has-text-align-center\">J&rsquo;utilise la M\u00e9decine Traditionnelle Chinoise (MTC) qui s\u2019appuie sur des connaissances et des pratiques accumul\u00e9es et \u00e9prouv\u00e9es depuis plus de vingt si\u00e8cles.<\/p>\n\n\n\n<p class=\"has-text-align-center has-text-color has-link-color wp-elements-1a0afdaad1a620a6766809a9bce19516\" style=\"color:#99c25c\"><em><strong><a href=\"https:\/\/www.carinelanthier.com\/index.php\/la-mtc\/\">En savoir plus&#8230;<\/a><\/strong><\/em><\/p>\n<\/div>\n\n\n\n<div class=\"wp-block-column is-layout-flow wp-block-column-is-layout-flow\">\n<figure class=\"wp-block-image aligncenter size-full is-resized\"><img loading=\"lazy\" decoding=\"async\" width=\"473\" height=\"473\" src=\"https:\/\/www.carinelanthier.com\/wp-content\/uploads\/2025\/09\/Carine-Lanthier-therapeut-bien-etre-vitalite-tradition-chinoise-16-2.png\" alt=\"\" class=\"wp-image-296\" style=\"object-fit:cover;width:97px;height:75px\" srcset=\"https:\/\/www.carinelanthier.com\/wp-content\/uploads\/2025\/09\/Carine-Lanthier-therapeut-bien-etre-vitalite-tradition-chinoise-16-2.png 473w, https:\/\/www.carinelanthier.com\/wp-content\/uploads\/2025\/09\/Carine-Lanthier-therapeut-bien-etre-vitalite-tradition-chinoise-16-2-300x300.png 300w, https:\/\/www.carinelanthier.com\/wp-content\/uploads\/2025\/09\/Carine-Lanthier-therapeut-bien-etre-vitalite-tradition-chinoise-16-2-150x150.png 150w\" sizes=\"auto, (max-width: 473px) 100vw, 473px\" \/><\/figure>\n\n\n\n<h2 class=\"wp-block-heading has-text-align-center has-large-font-size\" id=\"a-top-service\">Pour qui ? quoi ?<\/h2>\n\n\n\n<p class=\"has-text-align-center\">Fatigue, douleurs, d\u00e9r\u00e8glement hormonal, sommeil capricieux, troubles digestifs\u2026 Avec la MTC, apaiser, soulager et r\u00e9\u00e9quilibrer, c&rsquo;est possible.<\/p>\n\n\n\n<p class=\"has-text-align-center has-text-color has-link-color wp-elements-59c2fad1b96ed01d1960f2a5d652a77c\" style=\"color:#99c25c\"><em><strong><a href=\"https:\/\/www.carinelanthier.com\/index.php\/pour-qui-pour-quoi\/\">En savoir plus&#8230;<\/a><\/strong><\/em><\/p>\n<\/div>\n\n\n\n<div class=\"wp-block-column is-layout-flow wp-block-column-is-layout-flow\">\n<figure class=\"wp-block-image aligncenter size-full is-resized\"><img loading=\"lazy\" decoding=\"async\" width=\"473\" height=\"473\" src=\"https:\/\/www.carinelanthier.com\/wp-content\/uploads\/2025\/09\/Carine-Lanthier-therapeut-bien-etre-vitalite-tradition-chinoise-17-2.png\" alt=\"\" class=\"wp-image-297\" style=\"object-fit:cover;width:97px;height:75px\" srcset=\"https:\/\/www.carinelanthier.com\/wp-content\/uploads\/2025\/09\/Carine-Lanthier-therapeut-bien-etre-vitalite-tradition-chinoise-17-2.png 473w, https:\/\/www.carinelanthier.com\/wp-content\/uploads\/2025\/09\/Carine-Lanthier-therapeut-bien-etre-vitalite-tradition-chinoise-17-2-300x300.png 300w, https:\/\/www.carinelanthier.com\/wp-content\/uploads\/2025\/09\/Carine-Lanthier-therapeut-bien-etre-vitalite-tradition-chinoise-17-2-150x150.png 150w\" sizes=\"auto, (max-width: 473px) 100vw, 473px\" \/><\/figure>\n\n\n\n<h2 class=\"wp-block-heading has-text-align-center has-large-font-size\" id=\"a-top-service\">Votre RDV<\/h2>\n\n\n\n<p class=\"has-text-align-center\">Une premi\u00e8re rencontre donnant lieu \u00e0 des \u00e9changes puis un bilan \u00e9nerg\u00e9tique.<br>Une proposition de suivi adapt\u00e9 vous sera alors propos\u00e9e.<\/p>\n\n\n\n<p class=\"has-text-align-center has-text-color has-link-color wp-elements-bb466a9f153c699779701907c0234ea8\" style=\"color:#99c25c\"><em><strong><a href=\"https:\/\/www.carinelanthier.com\/index.php\/votre-rdv\/\">En savoir plus&#8230;<\/a><\/strong><\/em><\/p>\n<\/div>\n<\/div>\n<\/div>\n<\/div>\n<\/div>\n<\/div>\n\n\n\n<hr class=\"wp-block-separator has-alpha-channel-opacity is-style-wide\"\/>\n","protected":false},"excerpt":{"rendered":"<p>Bonjour, Les facteurs environnementaux, les exigences de notre rythme de vie perturbent notre sant\u00e9 corporelle et\/ou psychique. S\u2019agissant de retrouver bien-\u00eatre et \u00e9quilibre ou de soutenir l\u2019action th\u00e9rapeutique de vos traitements dans le cadre d\u2019une pathologie diagnostiqu\u00e9e, la m\u00e9decine chinoise s\u2019av\u00e8re \u00eatre un atout remarquable et un v\u00e9ritable alli\u00e9 pour votre sant\u00e9. Je suis Carine [&hellip;]<\/p>\n","protected":false},"author":1,"featured_media":0,"parent":0,"menu_order":0,"comment_status":"closed","ping_status":"closed","template":"","meta":{"iawp_total_views":116,"footnotes":""},"class_list":["post-72","page","type-page","status-publish","hentry"],"yoast_head":"<!-- This site is optimized with the Yoast SEO plugin v27.5 - https:\/\/yoast.com\/product\/yoast-seo-wordpress\/ -->\n<title>Bienvenue - Carine Lanthier th\u00e9rapeute en bien-\u00eatre &amp; vitalit\u00e9<\/title>\n<meta name=\"description\" content=\"Je suis Carine Lanthier, th\u00e9rapeute en \u00e9nerg\u00e9tique traditionnelle chinoise sp\u00e9cialis\u00e9e dans la sant\u00e9 des femmes. (J\u2019utilise Terapiz pour la prise de RDV.)\" \/>\n<meta name=\"robots\" content=\"index, follow, max-snippet:-1, max-image-preview:large, max-video-preview:-1\" \/>\n<link rel=\"canonical\" href=\"https:\/\/www.carinelanthier.com\/index.php\/bienvenue-carine-lanthier-therapeute-en-bien-etre-vitalite\/\" \/>\n<meta property=\"og:locale\" content=\"fr_FR\" \/>\n<meta property=\"og:type\" content=\"article\" \/>\n<meta property=\"og:title\" content=\"Bienvenue - Carine Lanthier th\u00e9rapeute en bien-\u00eatre &amp; vitalit\u00e9\" \/>\n<meta property=\"og:description\" content=\"Je suis Carine Lanthier, th\u00e9rapeute en \u00e9nerg\u00e9tique traditionnelle chinoise sp\u00e9cialis\u00e9e dans la sant\u00e9 des femmes. (J\u2019utilise Terapiz pour la prise de RDV.)\" \/>\n<meta property=\"og:url\" content=\"https:\/\/www.carinelanthier.com\/index.php\/bienvenue-carine-lanthier-therapeute-en-bien-etre-vitalite\/\" \/>\n<meta property=\"og:site_name\" content=\"Carine Lanthier\" \/>\n<meta property=\"article:publisher\" content=\"https:\/\/www.facebook.com\/profile.php?id=61568685437110\" \/>\n<meta property=\"article:modified_time\" content=\"2026-04-28T14:29:22+00:00\" \/>\n<meta property=\"og:image\" content=\"https:\/\/www.carinelanthier.com\/wp-content\/uploads\/2025\/09\/Carine-Lanthier-therapeut-bien-etre-vitalite-tradition-chinoise-19.png\" \/>\n<meta name=\"twitter:card\" content=\"summary_large_image\" \/>\n<meta name=\"twitter:label1\" content=\"Dur\u00e9e de lecture estim\u00e9e\" \/>\n\t<meta name=\"twitter:data1\" content=\"4 minutes\" \/>\n<script type=\"application\/ld+json\" class=\"yoast-schema-graph\">{\"@context\":\"https:\\\/\\\/schema.org\",\"@graph\":[{\"@type\":\"WebPage\",\"@id\":\"https:\\\/\\\/www.carinelanthier.com\\\/index.php\\\/bienvenue-carine-lanthier-therapeute-en-bien-etre-vitalite\\\/\",\"url\":\"https:\\\/\\\/www.carinelanthier.com\\\/index.php\\\/bienvenue-carine-lanthier-therapeute-en-bien-etre-vitalite\\\/\",\"name\":\"Bienvenue - Carine Lanthier th\u00e9rapeute en bien-\u00eatre & vitalit\u00e9\",\"isPartOf\":{\"@id\":\"https:\\\/\\\/www.carinelanthier.com\\\/#website\"},\"primaryImageOfPage\":{\"@id\":\"https:\\\/\\\/www.carinelanthier.com\\\/index.php\\\/bienvenue-carine-lanthier-therapeute-en-bien-etre-vitalite\\\/#primaryimage\"},\"image\":{\"@id\":\"https:\\\/\\\/www.carinelanthier.com\\\/index.php\\\/bienvenue-carine-lanthier-therapeute-en-bien-etre-vitalite\\\/#primaryimage\"},\"thumbnailUrl\":\"https:\\\/\\\/www.carinelanthier.com\\\/wp-content\\\/uploads\\\/2025\\\/09\\\/Carine-Lanthier-therapeut-bien-etre-vitalite-tradition-chinoise-19.png\",\"datePublished\":\"2025-09-11T13:38:09+00:00\",\"dateModified\":\"2026-04-28T14:29:22+00:00\",\"description\":\"Je suis Carine Lanthier, th\u00e9rapeute en \u00e9nerg\u00e9tique traditionnelle chinoise sp\u00e9cialis\u00e9e dans la sant\u00e9 des femmes. (J\u2019utilise Terapiz pour la prise de RDV.)\",\"breadcrumb\":{\"@id\":\"https:\\\/\\\/www.carinelanthier.com\\\/index.php\\\/bienvenue-carine-lanthier-therapeute-en-bien-etre-vitalite\\\/#breadcrumb\"},\"inLanguage\":\"fr-FR\",\"potentialAction\":[{\"@type\":\"ReadAction\",\"target\":[\"https:\\\/\\\/www.carinelanthier.com\\\/index.php\\\/bienvenue-carine-lanthier-therapeute-en-bien-etre-vitalite\\\/\"]}]},{\"@type\":\"ImageObject\",\"inLanguage\":\"fr-FR\",\"@id\":\"https:\\\/\\\/www.carinelanthier.com\\\/index.php\\\/bienvenue-carine-lanthier-therapeute-en-bien-etre-vitalite\\\/#primaryimage\",\"url\":\"https:\\\/\\\/www.carinelanthier.com\\\/wp-content\\\/uploads\\\/2025\\\/09\\\/Carine-Lanthier-therapeut-bien-etre-vitalite-tradition-chinoise-19.png\",\"contentUrl\":\"https:\\\/\\\/www.carinelanthier.com\\\/wp-content\\\/uploads\\\/2025\\\/09\\\/Carine-Lanthier-therapeut-bien-etre-vitalite-tradition-chinoise-19.png\",\"width\":473,\"height\":473},{\"@type\":\"BreadcrumbList\",\"@id\":\"https:\\\/\\\/www.carinelanthier.com\\\/index.php\\\/bienvenue-carine-lanthier-therapeute-en-bien-etre-vitalite\\\/#breadcrumb\",\"itemListElement\":[{\"@type\":\"ListItem\",\"position\":1,\"name\":\"Home\",\"item\":\"https:\\\/\\\/www.carinelanthier.com\\\/\"},{\"@type\":\"ListItem\",\"position\":2,\"name\":\"Bienvenue\"}]},{\"@type\":\"WebSite\",\"@id\":\"https:\\\/\\\/www.carinelanthier.com\\\/#website\",\"url\":\"https:\\\/\\\/www.carinelanthier.com\\\/\",\"name\":\"Carine Lanthier\",\"description\":\"\",\"publisher\":{\"@id\":\"https:\\\/\\\/www.carinelanthier.com\\\/#organization\"},\"potentialAction\":[{\"@type\":\"SearchAction\",\"target\":{\"@type\":\"EntryPoint\",\"urlTemplate\":\"https:\\\/\\\/www.carinelanthier.com\\\/?s={search_term_string}\"},\"query-input\":{\"@type\":\"PropertyValueSpecification\",\"valueRequired\":true,\"valueName\":\"search_term_string\"}}],\"inLanguage\":\"fr-FR\"},{\"@type\":\"Organization\",\"@id\":\"https:\\\/\\\/www.carinelanthier.com\\\/#organization\",\"name\":\"Carine Lanthier\",\"url\":\"https:\\\/\\\/www.carinelanthier.com\\\/\",\"logo\":{\"@type\":\"ImageObject\",\"inLanguage\":\"fr-FR\",\"@id\":\"https:\\\/\\\/www.carinelanthier.com\\\/#\\\/schema\\\/logo\\\/image\\\/\",\"url\":\"https:\\\/\\\/www.carinelanthier.com\\\/wp-content\\\/uploads\\\/2025\\\/09\\\/Carine-Lanthier-therapeut-bien-etre-vitalite-tradition-chinoise-RVB-09.jpg\",\"contentUrl\":\"https:\\\/\\\/www.carinelanthier.com\\\/wp-content\\\/uploads\\\/2025\\\/09\\\/Carine-Lanthier-therapeut-bien-etre-vitalite-tradition-chinoise-RVB-09.jpg\",\"width\":1772,\"height\":1181,\"caption\":\"Carine Lanthier\"},\"image\":{\"@id\":\"https:\\\/\\\/www.carinelanthier.com\\\/#\\\/schema\\\/logo\\\/image\\\/\"},\"sameAs\":[\"https:\\\/\\\/www.facebook.com\\\/profile.php?id=61568685437110\"]}]}<\/script>\n<!-- \/ Yoast SEO plugin. -->","yoast_head_json":{"title":"Bienvenue - Carine Lanthier th\u00e9rapeute en bien-\u00eatre & vitalit\u00e9","description":"Je suis Carine Lanthier, th\u00e9rapeute en \u00e9nerg\u00e9tique traditionnelle chinoise sp\u00e9cialis\u00e9e dans la sant\u00e9 des femmes. (J\u2019utilise Terapiz pour la prise de RDV.)","robots":{"index":"index","follow":"follow","max-snippet":"max-snippet:-1","max-image-preview":"max-image-preview:large","max-video-preview":"max-video-preview:-1"},"canonical":"https:\/\/www.carinelanthier.com\/index.php\/bienvenue-carine-lanthier-therapeute-en-bien-etre-vitalite\/","og_locale":"fr_FR","og_type":"article","og_title":"Bienvenue - Carine Lanthier th\u00e9rapeute en bien-\u00eatre & vitalit\u00e9","og_description":"Je suis Carine Lanthier, th\u00e9rapeute en \u00e9nerg\u00e9tique traditionnelle chinoise sp\u00e9cialis\u00e9e dans la sant\u00e9 des femmes. (J\u2019utilise Terapiz pour la prise de RDV.)","og_url":"https:\/\/www.carinelanthier.com\/index.php\/bienvenue-carine-lanthier-therapeute-en-bien-etre-vitalite\/","og_site_name":"Carine Lanthier","article_publisher":"https:\/\/www.facebook.com\/profile.php?id=61568685437110","article_modified_time":"2026-04-28T14:29:22+00:00","og_image":[{"url":"https:\/\/www.carinelanthier.com\/wp-content\/uploads\/2025\/09\/Carine-Lanthier-therapeut-bien-etre-vitalite-tradition-chinoise-19.png","type":"","width":"","height":""}],"twitter_card":"summary_large_image","twitter_misc":{"Dur\u00e9e de lecture estim\u00e9e":"4 minutes"},"schema":{"@context":"https:\/\/schema.org","@graph":[{"@type":"WebPage","@id":"https:\/\/www.carinelanthier.com\/index.php\/bienvenue-carine-lanthier-therapeute-en-bien-etre-vitalite\/","url":"https:\/\/www.carinelanthier.com\/index.php\/bienvenue-carine-lanthier-therapeute-en-bien-etre-vitalite\/","name":"Bienvenue - Carine Lanthier th\u00e9rapeute en bien-\u00eatre & vitalit\u00e9","isPartOf":{"@id":"https:\/\/www.carinelanthier.com\/#website"},"primaryImageOfPage":{"@id":"https:\/\/www.carinelanthier.com\/index.php\/bienvenue-carine-lanthier-therapeute-en-bien-etre-vitalite\/#primaryimage"},"image":{"@id":"https:\/\/www.carinelanthier.com\/index.php\/bienvenue-carine-lanthier-therapeute-en-bien-etre-vitalite\/#primaryimage"},"thumbnailUrl":"https:\/\/www.carinelanthier.com\/wp-content\/uploads\/2025\/09\/Carine-Lanthier-therapeut-bien-etre-vitalite-tradition-chinoise-19.png","datePublished":"2025-09-11T13:38:09+00:00","dateModified":"2026-04-28T14:29:22+00:00","description":"Je suis Carine Lanthier, th\u00e9rapeute en \u00e9nerg\u00e9tique traditionnelle chinoise sp\u00e9cialis\u00e9e dans la sant\u00e9 des femmes. (J\u2019utilise Terapiz pour la prise de RDV.)","breadcrumb":{"@id":"https:\/\/www.carinelanthier.com\/index.php\/bienvenue-carine-lanthier-therapeute-en-bien-etre-vitalite\/#breadcrumb"},"inLanguage":"fr-FR","potentialAction":[{"@type":"ReadAction","target":["https:\/\/www.carinelanthier.com\/index.php\/bienvenue-carine-lanthier-therapeute-en-bien-etre-vitalite\/"]}]},{"@type":"ImageObject","inLanguage":"fr-FR","@id":"https:\/\/www.carinelanthier.com\/index.php\/bienvenue-carine-lanthier-therapeute-en-bien-etre-vitalite\/#primaryimage","url":"https:\/\/www.carinelanthier.com\/wp-content\/uploads\/2025\/09\/Carine-Lanthier-therapeut-bien-etre-vitalite-tradition-chinoise-19.png","contentUrl":"https:\/\/www.carinelanthier.com\/wp-content\/uploads\/2025\/09\/Carine-Lanthier-therapeut-bien-etre-vitalite-tradition-chinoise-19.png","width":473,"height":473},{"@type":"BreadcrumbList","@id":"https:\/\/www.carinelanthier.com\/index.php\/bienvenue-carine-lanthier-therapeute-en-bien-etre-vitalite\/#breadcrumb","itemListElement":[{"@type":"ListItem","position":1,"name":"Home","item":"https:\/\/www.carinelanthier.com\/"},{"@type":"ListItem","position":2,"name":"Bienvenue"}]},{"@type":"WebSite","@id":"https:\/\/www.carinelanthier.com\/#website","url":"https:\/\/www.carinelanthier.com\/","name":"Carine Lanthier","description":"","publisher":{"@id":"https:\/\/www.carinelanthier.com\/#organization"},"potentialAction":[{"@type":"SearchAction","target":{"@type":"EntryPoint","urlTemplate":"https:\/\/www.carinelanthier.com\/?s={search_term_string}"},"query-input":{"@type":"PropertyValueSpecification","valueRequired":true,"valueName":"search_term_string"}}],"inLanguage":"fr-FR"},{"@type":"Organization","@id":"https:\/\/www.carinelanthier.com\/#organization","name":"Carine Lanthier","url":"https:\/\/www.carinelanthier.com\/","logo":{"@type":"ImageObject","inLanguage":"fr-FR","@id":"https:\/\/www.carinelanthier.com\/#\/schema\/logo\/image\/","url":"https:\/\/www.carinelanthier.com\/wp-content\/uploads\/2025\/09\/Carine-Lanthier-therapeut-bien-etre-vitalite-tradition-chinoise-RVB-09.jpg","contentUrl":"https:\/\/www.carinelanthier.com\/wp-content\/uploads\/2025\/09\/Carine-Lanthier-therapeut-bien-etre-vitalite-tradition-chinoise-RVB-09.jpg","width":1772,"height":1181,"caption":"Carine Lanthier"},"image":{"@id":"https:\/\/www.carinelanthier.com\/#\/schema\/logo\/image\/"},"sameAs":["https:\/\/www.facebook.com\/profile.php?id=61568685437110"]}]}},"_links":{"self":[{"href":"https:\/\/www.carinelanthier.com\/index.php\/wp-json\/wp\/v2\/pages\/72","targetHints":{"allow":["GET"]}}],"collection":[{"href":"https:\/\/www.carinelanthier.com\/index.php\/wp-json\/wp\/v2\/pages"}],"about":[{"href":"https:\/\/www.carinelanthier.com\/index.php\/wp-json\/wp\/v2\/types\/page"}],"author":[{"embeddable":true,"href":"https:\/\/www.carinelanthier.com\/index.php\/wp-json\/wp\/v2\/users\/1"}],"replies":[{"embeddable":true,"href":"https:\/\/www.carinelanthier.com\/index.php\/wp-json\/wp\/v2\/comments?post=72"}],"version-history":[{"count":29,"href":"https:\/\/www.carinelanthier.com\/index.php\/wp-json\/wp\/v2\/pages\/72\/revisions"}],"predecessor-version":[{"id":566,"href":"https:\/\/www.carinelanthier.com\/index.php\/wp-json\/wp\/v2\/pages\/72\/revisions\/566"}],"wp:attachment":[{"href":"https:\/\/www.carinelanthier.com\/index.php\/wp-json\/wp\/v2\/media?parent=72"}],"curies":[{"name":"wp","href":"https:\/\/api.w.org\/{rel}","templated":true}]}}