{"id":367,"date":"2025-09-15T13:04:51","date_gmt":"2025-09-15T13:04:51","guid":{"rendered":"https:\/\/www.carinelanthier.com\/?page_id=367"},"modified":"2026-04-28T14:36:26","modified_gmt":"2026-04-28T14:36:26","slug":"techniques-de-soins","status":"publish","type":"page","link":"https:\/\/www.carinelanthier.com\/index.php\/techniques-de-soins\/","title":{"rendered":"Techniques de soins"},"content":{"rendered":"\n<div class=\"wp-block-group alignwide is-vertical is-content-justification-center is-layout-flex wp-container-core-group-is-layout-030832d8 wp-block-group-is-layout-flex\" style=\"padding-top:var(--wp--preset--spacing--20);padding-right:0;padding-bottom:var(--wp--preset--spacing--20);padding-left:0\">\n<h4 class=\"wp-block-heading has-text-align-center\">Techniques de soins<\/h4>\n<\/div>\n\n\n\n<div class=\"wp-block-group alignwide is-layout-flow wp-block-group-is-layout-flow\" style=\"padding-top:1rem;padding-right:3rem;padding-bottom:1rem;padding-left:3rem\">\n<p>La connaissance du syst\u00e8me des m\u00e9ridiens (jing luo) et points d\u2019acupuncture est d&rsquo;une importance capitale. Il constitue une des th\u00e9ories fondamentales propres au corpus de la m\u00e9decine chinoise. Peu importe l&rsquo;outil th\u00e9rapeutique utilis\u00e9, dans tous les cas il s\u2019agira de travailler sur le syst\u00e8me des m\u00e9ridiens.<\/p>\n<\/div>\n\n\n\n<div class=\"wp-block-group alignwide is-layout-flow wp-block-group-is-layout-flow\" style=\"padding-top:3rem;padding-right:3rem;padding-bottom:3rem;padding-left:3rem\">\n<div class=\"wp-block-columns alignwide are-vertically-aligned-center is-layout-flex wp-container-core-columns-is-layout-28f84493 wp-block-columns-is-layout-flex\">\n<div class=\"wp-block-column is-layout-flow wp-block-column-is-layout-flow\" style=\"flex-basis:50%\">\n<h3 class=\"wp-block-heading has-text-align-center\" id=\"our-inspiration\">Techniques externes<\/h3>\n<\/div>\n\n\n\n<div class=\"wp-block-column is-layout-flow wp-block-column-is-layout-flow\" style=\"flex-basis:50%\">\n<hr class=\"wp-block-separator has-text-color has-css-opacity has-background is-style-wide\" style=\"background-color:#000000;color:#000000\"\/>\n\n\n\n<figure class=\"wp-block-image aligncenter size-full is-resized\"><img loading=\"lazy\" decoding=\"async\" width=\"473\" height=\"473\" src=\"https:\/\/www.carinelanthier.com\/wp-content\/uploads\/2025\/09\/Carine-Lanthier-therapeut-bien-etre-vitalite-tradition-chinoise-17-2.png\" alt=\"\" class=\"wp-image-297\" style=\"width:95px;height:auto\" srcset=\"https:\/\/www.carinelanthier.com\/wp-content\/uploads\/2025\/09\/Carine-Lanthier-therapeut-bien-etre-vitalite-tradition-chinoise-17-2.png 473w, https:\/\/www.carinelanthier.com\/wp-content\/uploads\/2025\/09\/Carine-Lanthier-therapeut-bien-etre-vitalite-tradition-chinoise-17-2-300x300.png 300w, https:\/\/www.carinelanthier.com\/wp-content\/uploads\/2025\/09\/Carine-Lanthier-therapeut-bien-etre-vitalite-tradition-chinoise-17-2-150x150.png 150w\" sizes=\"auto, (max-width: 473px) 100vw, 473px\" \/><\/figure>\n<\/div>\n<\/div>\n\n\n\n<div class=\"wp-block-columns alignwide is-layout-flex wp-container-core-columns-is-layout-28f84493 wp-block-columns-is-layout-flex\">\n<div class=\"wp-block-column is-layout-flow wp-block-column-is-layout-flow\">\n<figure class=\"wp-block-image size-large is-style-olorien-round-edges\"><img loading=\"lazy\" decoding=\"async\" width=\"1024\" height=\"682\" src=\"https:\/\/www.carinelanthier.com\/wp-content\/uploads\/2025\/09\/CARINE-LANTHIER-CABINET-SEANCE-JPG-2000PX-36-1024x682.jpg\" alt=\"les ventouses - huo guan\" class=\"wp-image-373\" srcset=\"https:\/\/www.carinelanthier.com\/wp-content\/uploads\/2025\/09\/CARINE-LANTHIER-CABINET-SEANCE-JPG-2000PX-36-1024x682.jpg 1024w, https:\/\/www.carinelanthier.com\/wp-content\/uploads\/2025\/09\/CARINE-LANTHIER-CABINET-SEANCE-JPG-2000PX-36-300x200.jpg 300w, https:\/\/www.carinelanthier.com\/wp-content\/uploads\/2025\/09\/CARINE-LANTHIER-CABINET-SEANCE-JPG-2000PX-36-768x512.jpg 768w, https:\/\/www.carinelanthier.com\/wp-content\/uploads\/2025\/09\/CARINE-LANTHIER-CABINET-SEANCE-JPG-2000PX-36-1536x1024.jpg 1536w, https:\/\/www.carinelanthier.com\/wp-content\/uploads\/2025\/09\/CARINE-LANTHIER-CABINET-SEANCE-JPG-2000PX-36.jpg 2000w\" sizes=\"auto, (max-width: 1024px) 100vw, 1024px\" \/><\/figure>\n<\/div>\n\n\n\n<div class=\"wp-block-column is-layout-flow wp-block-column-is-layout-flow\">\n<p>Parmi les m\u00e9thodes traditionnellement utilis\u00e9es en MTC, voici les diverses techniques utilis\u00e9es au cabinet&nbsp;:<\/p>\n\n\n\n<ul class=\"wp-block-list\">\n<li>Le massage Tui Na \u63a8\u62ff et les manipulations ost\u00e9o-articulaires Zheng Gu \u6b63\u9aa8<\/li>\n\n\n\n<li>L&rsquo;acupuncture <\/li>\n\n\n\n<li>La moxibustion&nbsp;&#8211; ai jiu \u827e\u7078 <\/li>\n\n\n\n<li>Les ventouses &#8211; huo guan \u2f55\u7f50<\/li>\n\n\n\n<li>Le guasha &#8211; \u522e\u75e7&nbsp;<\/li>\n\n\n\n<li>Les compresses m\u00e9dicinales chaudes ou pochons &#8211; yao wei \u836f\u71a8&nbsp;<\/li>\n\n\n\n<li>Les empl\u00e2tres d\u2019herbes m\u00e9dicinales &#8211; yao wei \u836f\u71a8&nbsp;<\/li>\n\n\n\n<li>Les alcoolatures &#8211; yao jiu \u836f\u9152&nbsp;<\/li>\n<\/ul>\n<\/div>\n<\/div>\n\n\n\n<div style=\"height:32px\" aria-hidden=\"true\" class=\"wp-block-spacer\"><\/div>\n\n\n\n<p>Selon les besoins, Carine Lanthier pourra aussi utiliser les huiles essentielles&nbsp; (jing you \u7cbe\u6cb9) en application locale sur les m\u00e9ridiens ou les points d\u2019acupuncture. Elle pourra \u00e9galement formuler un certain nombre de recommandations \/ conseils de sant\u00e9 (yang sheng \u517b\u751f) ou d\u2019exercices de Qi Gong \u6c14\u529f pouvant \u00eatre b\u00e9n\u00e9fiques \u00e0 la situation du consultant.<\/p>\n<\/div>\n\n\n\n<div class=\"wp-block-group alignwide is-layout-constrained wp-container-core-group-is-layout-58be5198 wp-block-group-is-layout-constrained\" style=\"padding-top:3rem;padding-right:3rem;padding-bottom:3rem;padding-left:3rem\">\n<div class=\"wp-block-columns alignwide are-vertically-aligned-center is-layout-flex wp-container-core-columns-is-layout-28f84493 wp-block-columns-is-layout-flex\">\n<div class=\"wp-block-column is-layout-flow wp-block-column-is-layout-flow\" style=\"flex-basis:50%\">\n<h3 class=\"wp-block-heading has-text-align-center\" id=\"our-inspiration\">Traitements internes<\/h3>\n<\/div>\n\n\n\n<div class=\"wp-block-column is-layout-flow wp-block-column-is-layout-flow\" style=\"flex-basis:50%\">\n<hr class=\"wp-block-separator has-text-color has-css-opacity has-background is-style-wide\" style=\"background-color:#000000;color:#000000\"\/>\n\n\n\n<figure class=\"wp-block-image aligncenter size-full is-resized\"><img loading=\"lazy\" decoding=\"async\" width=\"473\" height=\"473\" src=\"https:\/\/www.carinelanthier.com\/wp-content\/uploads\/2025\/09\/Carine-Lanthier-therapeut-bien-etre-vitalite-tradition-chinoise-17-2.png\" alt=\"\" class=\"wp-image-297\" style=\"width:95px;height:auto\" srcset=\"https:\/\/www.carinelanthier.com\/wp-content\/uploads\/2025\/09\/Carine-Lanthier-therapeut-bien-etre-vitalite-tradition-chinoise-17-2.png 473w, https:\/\/www.carinelanthier.com\/wp-content\/uploads\/2025\/09\/Carine-Lanthier-therapeut-bien-etre-vitalite-tradition-chinoise-17-2-300x300.png 300w, https:\/\/www.carinelanthier.com\/wp-content\/uploads\/2025\/09\/Carine-Lanthier-therapeut-bien-etre-vitalite-tradition-chinoise-17-2-150x150.png 150w\" sizes=\"auto, (max-width: 473px) 100vw, 473px\" \/><\/figure>\n<\/div>\n<\/div>\n\n\n\n<div class=\"wp-block-columns alignwide is-layout-flex wp-container-core-columns-is-layout-28f84493 wp-block-columns-is-layout-flex\">\n<div class=\"wp-block-column is-layout-flow wp-block-column-is-layout-flow\">\n<figure class=\"wp-block-image size-large is-style-olorien-round-edges\"><img loading=\"lazy\" decoding=\"async\" width=\"1024\" height=\"682\" src=\"https:\/\/www.carinelanthier.com\/wp-content\/uploads\/2025\/09\/CARINE-LANTHIER-CABINET-SEANCE-JPG-2000PX-42-1024x682.jpg\" alt=\"\" class=\"wp-image-225\" srcset=\"https:\/\/www.carinelanthier.com\/wp-content\/uploads\/2025\/09\/CARINE-LANTHIER-CABINET-SEANCE-JPG-2000PX-42-1024x682.jpg 1024w, https:\/\/www.carinelanthier.com\/wp-content\/uploads\/2025\/09\/CARINE-LANTHIER-CABINET-SEANCE-JPG-2000PX-42-300x200.jpg 300w, https:\/\/www.carinelanthier.com\/wp-content\/uploads\/2025\/09\/CARINE-LANTHIER-CABINET-SEANCE-JPG-2000PX-42-768x512.jpg 768w, https:\/\/www.carinelanthier.com\/wp-content\/uploads\/2025\/09\/CARINE-LANTHIER-CABINET-SEANCE-JPG-2000PX-42-1536x1024.jpg 1536w, https:\/\/www.carinelanthier.com\/wp-content\/uploads\/2025\/09\/CARINE-LANTHIER-CABINET-SEANCE-JPG-2000PX-42.jpg 2000w\" sizes=\"auto, (max-width: 1024px) 100vw, 1024px\" \/><\/figure>\n<\/div>\n\n\n\n<div class=\"wp-block-column is-layout-flow wp-block-column-is-layout-flow\">\n<p>Respectueuse des choix de ses consultants, Carine Lanthier ne prescrit pas de substance pouvant entrer en contradiction avec les pratiques religieuses ou alimentaires de ses consultants.<\/p>\n\n\n\n<ul class=\"wp-block-list\">\n<li>La pharmacop\u00e9e ou phytoth\u00e9rapie chinoise&nbsp;&#8211; zhong yao \u4e2d\u836f<\/li>\n\n\n\n<li>La nutrition ou di\u00e9t\u00e9tique chinoise&nbsp;&#8211; shi liao \u98df\u7597<\/li>\n<\/ul>\n<\/div>\n<\/div>\n<\/div>\n\n\n\n<hr class=\"wp-block-separator has-alpha-channel-opacity is-style-wide\"\/>\n\n\n\n<div class=\"wp-block-columns alignwide are-vertically-aligned-center is-layout-flex wp-container-core-columns-is-layout-0111f410 wp-block-columns-is-layout-flex\" style=\"padding-right:var(--wp--preset--spacing--50);padding-left:var(--wp--preset--spacing--50)\">\n<div class=\"wp-block-column is-vertically-aligned-center is-layout-flow wp-block-column-is-layout-flow\" style=\"flex-basis:150px\">\n<figure class=\"wp-block-image aligncenter size-full is-resized\"><img loading=\"lazy\" decoding=\"async\" width=\"473\" height=\"473\" src=\"https:\/\/www.carinelanthier.com\/wp-content\/uploads\/2025\/09\/Carine-Lanthier-therapeut-bien-etre-vitalite-tradition-chinoise-19.png\" alt=\"\" class=\"wp-image-298\" style=\"width:130px;height:auto\" srcset=\"https:\/\/www.carinelanthier.com\/wp-content\/uploads\/2025\/09\/Carine-Lanthier-therapeut-bien-etre-vitalite-tradition-chinoise-19.png 473w, https:\/\/www.carinelanthier.com\/wp-content\/uploads\/2025\/09\/Carine-Lanthier-therapeut-bien-etre-vitalite-tradition-chinoise-19-300x300.png 300w, https:\/\/www.carinelanthier.com\/wp-content\/uploads\/2025\/09\/Carine-Lanthier-therapeut-bien-etre-vitalite-tradition-chinoise-19-150x150.png 150w\" sizes=\"auto, (max-width: 473px) 100vw, 473px\" \/><\/figure>\n<\/div>\n\n\n\n<div class=\"wp-block-column is-vertically-aligned-center is-layout-flow wp-block-column-is-layout-flow\">\n<p><strong><em><strong><em>La M\u00e9thode Traditionnelle Chinoise<\/em><\/strong><\/em><\/strong><\/p>\n\n\n\n<p>Il s\u2019agit d\u2019une approche qui consid\u00e8re l\u2019\u00eatre humain de mani\u00e8re globale, comme un ensemble \u00ab\u00a0corps et esprit\u00a0\u00bb mais \u00e9galement dans son rapport avec l\u2019environnement. Sa th\u00e9rapeutique, \u00e0 la fois pr\u00e9ventive et curative, repose sur des concepts originaux tels que la r\u00e9gulation de l&rsquo;\u00e9nergie appel\u00e9e Qi, l&rsquo;\u00e9quilibre des forces Yin et Yang, la prise en compte de l\u2019influence des cinq mouvements (Bois, Feu, Terre, M\u00e9tal, Eau) et des six Qi (Vent, Chaleur, Humidit\u00e9, Feu, S\u00e9cheresse, Froid) et l&rsquo;observation et l&rsquo;usage des m\u00e9ridiens en tant que trame de circulation de l\u2019\u00e9nergie, du sang et des liquides organiques.<br><a href=\"https:\/\/www.carinelanthier.com\/index.php\/la-mtc\/\">En savoir plus<\/a><\/p>\n<\/div>\n<\/div>\n\n\n\n<div class=\"wp-block-columns alignwide are-vertically-aligned-center is-layout-flex wp-container-core-columns-is-layout-0111f410 wp-block-columns-is-layout-flex\" style=\"padding-right:var(--wp--preset--spacing--50);padding-left:var(--wp--preset--spacing--50)\">\n<div class=\"wp-block-column is-vertically-aligned-center is-layout-flow wp-block-column-is-layout-flow\" style=\"flex-basis:150px\">\n<figure class=\"wp-block-image aligncenter size-full is-resized\"><img loading=\"lazy\" decoding=\"async\" width=\"473\" height=\"473\" src=\"https:\/\/www.carinelanthier.com\/wp-content\/uploads\/2025\/09\/Carine-Lanthier-therapeut-bien-etre-vitalite-tradition-chinoise-16-2.png\" alt=\"\" class=\"wp-image-296\" style=\"width:130px;height:auto\" srcset=\"https:\/\/www.carinelanthier.com\/wp-content\/uploads\/2025\/09\/Carine-Lanthier-therapeut-bien-etre-vitalite-tradition-chinoise-16-2.png 473w, https:\/\/www.carinelanthier.com\/wp-content\/uploads\/2025\/09\/Carine-Lanthier-therapeut-bien-etre-vitalite-tradition-chinoise-16-2-300x300.png 300w, https:\/\/www.carinelanthier.com\/wp-content\/uploads\/2025\/09\/Carine-Lanthier-therapeut-bien-etre-vitalite-tradition-chinoise-16-2-150x150.png 150w\" sizes=\"auto, (max-width: 473px) 100vw, 473px\" \/><\/figure>\n<\/div>\n\n\n\n<div class=\"wp-block-column is-vertically-aligned-center is-layout-flow wp-block-column-is-layout-flow\">\n<p><strong><em><strong><em><strong><em>Pour qui, pour quoi&nbsp;?<\/em><\/strong><\/em><\/strong><\/em><\/strong><\/p>\n\n\n\n<p>Fatigue, douleurs, d\u00e9r\u00e8glement hormonal, sommeil capricieux, troubles digestifs\u2026 Avec la MTC, apaiser, soulager et r\u00e9\u00e9quilibrer, c&rsquo;est possible.<br><a href=\"https:\/\/www.carinelanthier.com\/index.php\/pour-qui-pour-quoi\/\">En savoir plus<\/a><\/p>\n<\/div>\n<\/div>\n\n\n\n<hr class=\"wp-block-separator has-alpha-channel-opacity is-style-dots\"\/>\n","protected":false},"excerpt":{"rendered":"<p>Techniques de soins La connaissance du syst\u00e8me des m\u00e9ridiens (jing luo) et points d\u2019acupuncture est d&rsquo;une importance capitale. Il constitue une des th\u00e9ories fondamentales propres au corpus de la m\u00e9decine chinoise. Peu importe l&rsquo;outil th\u00e9rapeutique utilis\u00e9, dans tous les cas il s\u2019agira de travailler sur le syst\u00e8me des m\u00e9ridiens. Techniques externes Parmi les m\u00e9thodes traditionnellement [&hellip;]<\/p>\n","protected":false},"author":1,"featured_media":0,"parent":0,"menu_order":0,"comment_status":"closed","ping_status":"closed","template":"","meta":{"iawp_total_views":88,"footnotes":""},"class_list":["post-367","page","type-page","status-publish","hentry"],"yoast_head":"<!-- This site is optimized with the Yoast SEO plugin v27.5 - https:\/\/yoast.com\/product\/yoast-seo-wordpress\/ -->\n<title>Techniques de soins de la MTC - Carine Lanthier<\/title>\n<meta name=\"description\" content=\"Techniques de soins de la MTC. La connaissance du syst\u00e8me des m\u00e9ridiens (jing luo) et points d\u2019acupuncture est d&#039;une importance capitale.\" \/>\n<meta name=\"robots\" content=\"index, follow, max-snippet:-1, max-image-preview:large, max-video-preview:-1\" \/>\n<link rel=\"canonical\" href=\"https:\/\/www.carinelanthier.com\/index.php\/techniques-de-soins\/\" \/>\n<meta property=\"og:locale\" content=\"fr_FR\" \/>\n<meta property=\"og:type\" content=\"article\" \/>\n<meta property=\"og:title\" content=\"Techniques de soins de la MTC - Carine Lanthier\" \/>\n<meta property=\"og:description\" content=\"Techniques de soins de la MTC. La connaissance du syst\u00e8me des m\u00e9ridiens (jing luo) et points d\u2019acupuncture est d&#039;une importance capitale.\" \/>\n<meta property=\"og:url\" content=\"https:\/\/www.carinelanthier.com\/index.php\/techniques-de-soins\/\" \/>\n<meta property=\"og:site_name\" content=\"Carine Lanthier\" \/>\n<meta property=\"article:publisher\" content=\"https:\/\/www.facebook.com\/profile.php?id=61568685437110\" \/>\n<meta property=\"article:modified_time\" content=\"2026-04-28T14:36:26+00:00\" \/>\n<meta property=\"og:image\" content=\"https:\/\/www.carinelanthier.com\/wp-content\/uploads\/2025\/09\/Carine-Lanthier-therapeut-bien-etre-vitalite-tradition-chinoise-17-2.png\" \/>\n\t<meta property=\"og:image:width\" content=\"473\" \/>\n\t<meta property=\"og:image:height\" content=\"473\" \/>\n\t<meta property=\"og:image:type\" content=\"image\/png\" \/>\n<meta name=\"twitter:card\" content=\"summary_large_image\" \/>\n<meta name=\"twitter:label1\" content=\"Dur\u00e9e de lecture estim\u00e9e\" \/>\n\t<meta name=\"twitter:data1\" content=\"3 minutes\" \/>\n<script type=\"application\/ld+json\" class=\"yoast-schema-graph\">{\"@context\":\"https:\\\/\\\/schema.org\",\"@graph\":[{\"@type\":\"WebPage\",\"@id\":\"https:\\\/\\\/www.carinelanthier.com\\\/index.php\\\/techniques-de-soins\\\/\",\"url\":\"https:\\\/\\\/www.carinelanthier.com\\\/index.php\\\/techniques-de-soins\\\/\",\"name\":\"Techniques de soins de la MTC - Carine Lanthier\",\"isPartOf\":{\"@id\":\"https:\\\/\\\/www.carinelanthier.com\\\/#website\"},\"primaryImageOfPage\":{\"@id\":\"https:\\\/\\\/www.carinelanthier.com\\\/index.php\\\/techniques-de-soins\\\/#primaryimage\"},\"image\":{\"@id\":\"https:\\\/\\\/www.carinelanthier.com\\\/index.php\\\/techniques-de-soins\\\/#primaryimage\"},\"thumbnailUrl\":\"https:\\\/\\\/www.carinelanthier.com\\\/wp-content\\\/uploads\\\/2025\\\/09\\\/Carine-Lanthier-therapeut-bien-etre-vitalite-tradition-chinoise-17-2.png\",\"datePublished\":\"2025-09-15T13:04:51+00:00\",\"dateModified\":\"2026-04-28T14:36:26+00:00\",\"description\":\"Techniques de soins de la MTC. La connaissance du syst\u00e8me des m\u00e9ridiens (jing luo) et points d\u2019acupuncture est d'une importance capitale.\",\"breadcrumb\":{\"@id\":\"https:\\\/\\\/www.carinelanthier.com\\\/index.php\\\/techniques-de-soins\\\/#breadcrumb\"},\"inLanguage\":\"fr-FR\",\"potentialAction\":[{\"@type\":\"ReadAction\",\"target\":[\"https:\\\/\\\/www.carinelanthier.com\\\/index.php\\\/techniques-de-soins\\\/\"]}]},{\"@type\":\"ImageObject\",\"inLanguage\":\"fr-FR\",\"@id\":\"https:\\\/\\\/www.carinelanthier.com\\\/index.php\\\/techniques-de-soins\\\/#primaryimage\",\"url\":\"https:\\\/\\\/www.carinelanthier.com\\\/wp-content\\\/uploads\\\/2025\\\/09\\\/Carine-Lanthier-therapeut-bien-etre-vitalite-tradition-chinoise-17-2.png\",\"contentUrl\":\"https:\\\/\\\/www.carinelanthier.com\\\/wp-content\\\/uploads\\\/2025\\\/09\\\/Carine-Lanthier-therapeut-bien-etre-vitalite-tradition-chinoise-17-2.png\",\"width\":473,\"height\":473},{\"@type\":\"BreadcrumbList\",\"@id\":\"https:\\\/\\\/www.carinelanthier.com\\\/index.php\\\/techniques-de-soins\\\/#breadcrumb\",\"itemListElement\":[{\"@type\":\"ListItem\",\"position\":1,\"name\":\"Home\",\"item\":\"https:\\\/\\\/www.carinelanthier.com\\\/\"},{\"@type\":\"ListItem\",\"position\":2,\"name\":\"Techniques de soins\"}]},{\"@type\":\"WebSite\",\"@id\":\"https:\\\/\\\/www.carinelanthier.com\\\/#website\",\"url\":\"https:\\\/\\\/www.carinelanthier.com\\\/\",\"name\":\"Carine Lanthier\",\"description\":\"\",\"publisher\":{\"@id\":\"https:\\\/\\\/www.carinelanthier.com\\\/#organization\"},\"potentialAction\":[{\"@type\":\"SearchAction\",\"target\":{\"@type\":\"EntryPoint\",\"urlTemplate\":\"https:\\\/\\\/www.carinelanthier.com\\\/?s={search_term_string}\"},\"query-input\":{\"@type\":\"PropertyValueSpecification\",\"valueRequired\":true,\"valueName\":\"search_term_string\"}}],\"inLanguage\":\"fr-FR\"},{\"@type\":\"Organization\",\"@id\":\"https:\\\/\\\/www.carinelanthier.com\\\/#organization\",\"name\":\"Carine Lanthier\",\"url\":\"https:\\\/\\\/www.carinelanthier.com\\\/\",\"logo\":{\"@type\":\"ImageObject\",\"inLanguage\":\"fr-FR\",\"@id\":\"https:\\\/\\\/www.carinelanthier.com\\\/#\\\/schema\\\/logo\\\/image\\\/\",\"url\":\"https:\\\/\\\/www.carinelanthier.com\\\/wp-content\\\/uploads\\\/2025\\\/09\\\/Carine-Lanthier-therapeut-bien-etre-vitalite-tradition-chinoise-RVB-09.jpg\",\"contentUrl\":\"https:\\\/\\\/www.carinelanthier.com\\\/wp-content\\\/uploads\\\/2025\\\/09\\\/Carine-Lanthier-therapeut-bien-etre-vitalite-tradition-chinoise-RVB-09.jpg\",\"width\":1772,\"height\":1181,\"caption\":\"Carine Lanthier\"},\"image\":{\"@id\":\"https:\\\/\\\/www.carinelanthier.com\\\/#\\\/schema\\\/logo\\\/image\\\/\"},\"sameAs\":[\"https:\\\/\\\/www.facebook.com\\\/profile.php?id=61568685437110\"]}]}<\/script>\n<!-- \/ Yoast SEO plugin. -->","yoast_head_json":{"title":"Techniques de soins de la MTC - Carine Lanthier","description":"Techniques de soins de la MTC. La connaissance du syst\u00e8me des m\u00e9ridiens (jing luo) et points d\u2019acupuncture est d'une importance capitale.","robots":{"index":"index","follow":"follow","max-snippet":"max-snippet:-1","max-image-preview":"max-image-preview:large","max-video-preview":"max-video-preview:-1"},"canonical":"https:\/\/www.carinelanthier.com\/index.php\/techniques-de-soins\/","og_locale":"fr_FR","og_type":"article","og_title":"Techniques de soins de la MTC - Carine Lanthier","og_description":"Techniques de soins de la MTC. La connaissance du syst\u00e8me des m\u00e9ridiens (jing luo) et points d\u2019acupuncture est d'une importance capitale.","og_url":"https:\/\/www.carinelanthier.com\/index.php\/techniques-de-soins\/","og_site_name":"Carine Lanthier","article_publisher":"https:\/\/www.facebook.com\/profile.php?id=61568685437110","article_modified_time":"2026-04-28T14:36:26+00:00","og_image":[{"width":473,"height":473,"url":"https:\/\/www.carinelanthier.com\/wp-content\/uploads\/2025\/09\/Carine-Lanthier-therapeut-bien-etre-vitalite-tradition-chinoise-17-2.png","type":"image\/png"}],"twitter_card":"summary_large_image","twitter_misc":{"Dur\u00e9e de lecture estim\u00e9e":"3 minutes"},"schema":{"@context":"https:\/\/schema.org","@graph":[{"@type":"WebPage","@id":"https:\/\/www.carinelanthier.com\/index.php\/techniques-de-soins\/","url":"https:\/\/www.carinelanthier.com\/index.php\/techniques-de-soins\/","name":"Techniques de soins de la MTC - Carine Lanthier","isPartOf":{"@id":"https:\/\/www.carinelanthier.com\/#website"},"primaryImageOfPage":{"@id":"https:\/\/www.carinelanthier.com\/index.php\/techniques-de-soins\/#primaryimage"},"image":{"@id":"https:\/\/www.carinelanthier.com\/index.php\/techniques-de-soins\/#primaryimage"},"thumbnailUrl":"https:\/\/www.carinelanthier.com\/wp-content\/uploads\/2025\/09\/Carine-Lanthier-therapeut-bien-etre-vitalite-tradition-chinoise-17-2.png","datePublished":"2025-09-15T13:04:51+00:00","dateModified":"2026-04-28T14:36:26+00:00","description":"Techniques de soins de la MTC. La connaissance du syst\u00e8me des m\u00e9ridiens (jing luo) et points d\u2019acupuncture est d'une importance capitale.","breadcrumb":{"@id":"https:\/\/www.carinelanthier.com\/index.php\/techniques-de-soins\/#breadcrumb"},"inLanguage":"fr-FR","potentialAction":[{"@type":"ReadAction","target":["https:\/\/www.carinelanthier.com\/index.php\/techniques-de-soins\/"]}]},{"@type":"ImageObject","inLanguage":"fr-FR","@id":"https:\/\/www.carinelanthier.com\/index.php\/techniques-de-soins\/#primaryimage","url":"https:\/\/www.carinelanthier.com\/wp-content\/uploads\/2025\/09\/Carine-Lanthier-therapeut-bien-etre-vitalite-tradition-chinoise-17-2.png","contentUrl":"https:\/\/www.carinelanthier.com\/wp-content\/uploads\/2025\/09\/Carine-Lanthier-therapeut-bien-etre-vitalite-tradition-chinoise-17-2.png","width":473,"height":473},{"@type":"BreadcrumbList","@id":"https:\/\/www.carinelanthier.com\/index.php\/techniques-de-soins\/#breadcrumb","itemListElement":[{"@type":"ListItem","position":1,"name":"Home","item":"https:\/\/www.carinelanthier.com\/"},{"@type":"ListItem","position":2,"name":"Techniques de soins"}]},{"@type":"WebSite","@id":"https:\/\/www.carinelanthier.com\/#website","url":"https:\/\/www.carinelanthier.com\/","name":"Carine Lanthier","description":"","publisher":{"@id":"https:\/\/www.carinelanthier.com\/#organization"},"potentialAction":[{"@type":"SearchAction","target":{"@type":"EntryPoint","urlTemplate":"https:\/\/www.carinelanthier.com\/?s={search_term_string}"},"query-input":{"@type":"PropertyValueSpecification","valueRequired":true,"valueName":"search_term_string"}}],"inLanguage":"fr-FR"},{"@type":"Organization","@id":"https:\/\/www.carinelanthier.com\/#organization","name":"Carine Lanthier","url":"https:\/\/www.carinelanthier.com\/","logo":{"@type":"ImageObject","inLanguage":"fr-FR","@id":"https:\/\/www.carinelanthier.com\/#\/schema\/logo\/image\/","url":"https:\/\/www.carinelanthier.com\/wp-content\/uploads\/2025\/09\/Carine-Lanthier-therapeut-bien-etre-vitalite-tradition-chinoise-RVB-09.jpg","contentUrl":"https:\/\/www.carinelanthier.com\/wp-content\/uploads\/2025\/09\/Carine-Lanthier-therapeut-bien-etre-vitalite-tradition-chinoise-RVB-09.jpg","width":1772,"height":1181,"caption":"Carine Lanthier"},"image":{"@id":"https:\/\/www.carinelanthier.com\/#\/schema\/logo\/image\/"},"sameAs":["https:\/\/www.facebook.com\/profile.php?id=61568685437110"]}]}},"_links":{"self":[{"href":"https:\/\/www.carinelanthier.com\/index.php\/wp-json\/wp\/v2\/pages\/367","targetHints":{"allow":["GET"]}}],"collection":[{"href":"https:\/\/www.carinelanthier.com\/index.php\/wp-json\/wp\/v2\/pages"}],"about":[{"href":"https:\/\/www.carinelanthier.com\/index.php\/wp-json\/wp\/v2\/types\/page"}],"author":[{"embeddable":true,"href":"https:\/\/www.carinelanthier.com\/index.php\/wp-json\/wp\/v2\/users\/1"}],"replies":[{"embeddable":true,"href":"https:\/\/www.carinelanthier.com\/index.php\/wp-json\/wp\/v2\/comments?post=367"}],"version-history":[{"count":30,"href":"https:\/\/www.carinelanthier.com\/index.php\/wp-json\/wp\/v2\/pages\/367\/revisions"}],"predecessor-version":[{"id":573,"href":"https:\/\/www.carinelanthier.com\/index.php\/wp-json\/wp\/v2\/pages\/367\/revisions\/573"}],"wp:attachment":[{"href":"https:\/\/www.carinelanthier.com\/index.php\/wp-json\/wp\/v2\/media?parent=367"}],"curies":[{"name":"wp","href":"https:\/\/api.w.org\/{rel}","templated":true}]}}