{"id":340,"date":"2025-09-15T12:52:51","date_gmt":"2025-09-15T12:52:51","guid":{"rendered":"https:\/\/www.carinelanthier.com\/?page_id=340"},"modified":"2026-04-28T14:32:15","modified_gmt":"2026-04-28T14:32:15","slug":"pour-qui-pour-quoi","status":"publish","type":"page","link":"https:\/\/www.carinelanthier.com\/index.php\/pour-qui-pour-quoi\/","title":{"rendered":"Pour qui, pour quoi ?"},"content":{"rendered":"\n<h4 class=\"wp-block-heading has-text-align-center\">Pour qui, pour quoi ?<\/h4>\n\n\n\n<div class=\"wp-block-group alignwide is-layout-constrained wp-container-core-group-is-layout-58be5198 wp-block-group-is-layout-constrained\" style=\"padding-top:3rem;padding-right:3rem;padding-bottom:3rem;padding-left:3rem\">\n<div class=\"wp-block-columns alignwide are-vertically-aligned-center is-layout-flex wp-container-core-columns-is-layout-28f84493 wp-block-columns-is-layout-flex\">\n<div class=\"wp-block-column is-layout-flow wp-block-column-is-layout-flow\" style=\"flex-basis:50%\">\n<h3 class=\"wp-block-heading has-text-align-center\" id=\"our-inspiration\">Consulter, pour qui, pour quoi ?<\/h3>\n<\/div>\n\n\n\n<div class=\"wp-block-column is-layout-flow wp-block-column-is-layout-flow\" style=\"flex-basis:50%\">\n<hr class=\"wp-block-separator has-text-color has-css-opacity has-background is-style-wide\" style=\"background-color:#000000;color:#000000\"\/>\n\n\n\n<figure class=\"wp-block-image aligncenter size-full is-resized\"><img loading=\"lazy\" decoding=\"async\" width=\"473\" height=\"473\" src=\"https:\/\/www.carinelanthier.com\/wp-content\/uploads\/2025\/09\/Carine-Lanthier-therapeut-bien-etre-vitalite-tradition-chinoise-16-2.png\" alt=\"\" class=\"wp-image-296\" style=\"width:95px;height:auto\" srcset=\"https:\/\/www.carinelanthier.com\/wp-content\/uploads\/2025\/09\/Carine-Lanthier-therapeut-bien-etre-vitalite-tradition-chinoise-16-2.png 473w, https:\/\/www.carinelanthier.com\/wp-content\/uploads\/2025\/09\/Carine-Lanthier-therapeut-bien-etre-vitalite-tradition-chinoise-16-2-300x300.png 300w, https:\/\/www.carinelanthier.com\/wp-content\/uploads\/2025\/09\/Carine-Lanthier-therapeut-bien-etre-vitalite-tradition-chinoise-16-2-150x150.png 150w\" sizes=\"auto, (max-width: 473px) 100vw, 473px\" \/><\/figure>\n<\/div>\n<\/div>\n\n\n\n<div class=\"wp-block-columns alignwide are-vertically-aligned-center is-layout-flex wp-container-core-columns-is-layout-28f84493 wp-block-columns-is-layout-flex\">\n<div class=\"wp-block-column is-vertically-aligned-center is-layout-flow wp-block-column-is-layout-flow\">\n<figure class=\"wp-block-image aligncenter size-large is-style-olorien-round-edges\"><img loading=\"lazy\" decoding=\"async\" width=\"1024\" height=\"576\" src=\"https:\/\/www.carinelanthier.com\/wp-content\/uploads\/2025\/09\/cropped-CARINE-LANTHIER-CABINET-SEANCE-JPG-2000PX-14-1024x576.jpg\" alt=\"\" class=\"wp-image-222\" srcset=\"https:\/\/www.carinelanthier.com\/wp-content\/uploads\/2025\/09\/cropped-CARINE-LANTHIER-CABINET-SEANCE-JPG-2000PX-14-1024x576.jpg 1024w, https:\/\/www.carinelanthier.com\/wp-content\/uploads\/2025\/09\/cropped-CARINE-LANTHIER-CABINET-SEANCE-JPG-2000PX-14-300x169.jpg 300w, https:\/\/www.carinelanthier.com\/wp-content\/uploads\/2025\/09\/cropped-CARINE-LANTHIER-CABINET-SEANCE-JPG-2000PX-14-768x432.jpg 768w, https:\/\/www.carinelanthier.com\/wp-content\/uploads\/2025\/09\/cropped-CARINE-LANTHIER-CABINET-SEANCE-JPG-2000PX-14-1536x864.jpg 1536w, https:\/\/www.carinelanthier.com\/wp-content\/uploads\/2025\/09\/cropped-CARINE-LANTHIER-CABINET-SEANCE-JPG-2000PX-14.jpg 1999w\" sizes=\"auto, (max-width: 1024px) 100vw, 1024px\" \/><\/figure>\n\n\n\n<figure class=\"wp-block-image aligncenter size-large\"><img loading=\"lazy\" decoding=\"async\" width=\"1024\" height=\"682\" src=\"https:\/\/www.carinelanthier.com\/wp-content\/uploads\/2025\/09\/CARINE-LANTHIER-CABINET-SEANCE-JPG-2000PX-28-1024x682.jpg\" alt=\"\" class=\"wp-image-349\" srcset=\"https:\/\/www.carinelanthier.com\/wp-content\/uploads\/2025\/09\/CARINE-LANTHIER-CABINET-SEANCE-JPG-2000PX-28-1024x682.jpg 1024w, https:\/\/www.carinelanthier.com\/wp-content\/uploads\/2025\/09\/CARINE-LANTHIER-CABINET-SEANCE-JPG-2000PX-28-300x200.jpg 300w, https:\/\/www.carinelanthier.com\/wp-content\/uploads\/2025\/09\/CARINE-LANTHIER-CABINET-SEANCE-JPG-2000PX-28-768x512.jpg 768w, https:\/\/www.carinelanthier.com\/wp-content\/uploads\/2025\/09\/CARINE-LANTHIER-CABINET-SEANCE-JPG-2000PX-28-1536x1024.jpg 1536w, https:\/\/www.carinelanthier.com\/wp-content\/uploads\/2025\/09\/CARINE-LANTHIER-CABINET-SEANCE-JPG-2000PX-28.jpg 2000w\" sizes=\"auto, (max-width: 1024px) 100vw, 1024px\" \/><\/figure>\n<\/div>\n\n\n\n<div class=\"wp-block-column is-vertically-aligned-center is-layout-flow wp-block-column-is-layout-flow\">\n<p>La MTC s\u2019adresse aux adultes, aux enfants, aux adolescents<\/p>\n\n\n\n<p>De part ma sp\u00e9cialisation, ma pratique s\u2019oriente principalement vers la sant\u00e9 des femmes.<\/p>\n\n\n\n<p>Cliniquement reconnue pour son efficacit\u00e9 sur de nombreux troubles f\u00e9minins (cycles, fertilit\u00e9, m\u00e9nopause, douleurs pelviennes, probl\u00e9matiques digestives&#8230;), l\u2019\u00e9nerg\u00e9tique chinoise repr\u00e9sente une approche compl\u00e9mentaire aujourd&rsquo;hui conseill\u00e9e dans de nombreux protocoles d\u2019accompagnement de maladies chroniques.<\/p>\n\n\n\n<ul class=\"wp-block-list\">\n<li>Vos r\u00e8gles sont douloureuses, irr\u00e9guli\u00e8res, trop abondantes \u2014 et chaque mois est une \u00e9preuve que vous traversez seule.<\/li>\n\n\n\n<li>Vous souffrez de syndrome pr\u00e9menstruel intense : irritabilit\u00e9, gonflements, migraines, fatigue profonde qui revient cycliquement.<\/li>\n\n\n\n<li>Vous traversez la m\u00e9nopause ou la p\u00e9ri-m\u00e9nopause avec des bouff\u00e9es de chaleur, des troubles du sommeil et une impression de flou mental.<\/li>\n\n\n\n<li>Vous cherchez \u00e0 concevoir et sentez que votre corps a besoin d&rsquo;un soutien doux pour retrouver son \u00e9quilibre naturel.<\/li>\n\n\n\n<li>Vous traversez une grossesse et souhaitez vous y pr\u00e9parer et retrouver vitalit\u00e9 apr\u00e8s l&rsquo;accouchement.<\/li>\n\n\n\n<li>Fatigue chronique, stress omnipr\u00e9sent, anxi\u00e9t\u00e9, troubles digestifs \u2014 votre \u00e9nergie vitale semble s&rsquo;\u00eatre \u00e9clips\u00e9e, et vous aspirez \u00e0 la retrouver.<\/li>\n<\/ul>\n\n\n\n<p>Ma d\u00e9marche est r\u00e9solument compl\u00e9mentaire : je n&rsquo;ai ni vocation ni l\u00e9gitimit\u00e9 \u00e0 remplacer un suivi m\u00e9dical. En revanche, je suis convaincue que la MTC peut apporter un soutien pr\u00e9cieux en parall\u00e8le d&rsquo;une prise en charge conventionnelle.<\/p>\n<\/div>\n<\/div>\n<\/div>\n\n\n\n<hr class=\"wp-block-separator has-alpha-channel-opacity is-style-dots\"\/>\n\n\n\n<div class=\"wp-block-columns alignwide are-vertically-aligned-center is-layout-flex wp-container-core-columns-is-layout-0111f410 wp-block-columns-is-layout-flex\" style=\"padding-right:var(--wp--preset--spacing--50);padding-left:var(--wp--preset--spacing--50)\">\n<div class=\"wp-block-column is-vertically-aligned-center is-layout-flow wp-block-column-is-layout-flow\" style=\"flex-basis:150px\">\n<figure class=\"wp-block-image aligncenter size-full is-resized\"><img loading=\"lazy\" decoding=\"async\" width=\"473\" height=\"473\" src=\"https:\/\/www.carinelanthier.com\/wp-content\/uploads\/2025\/09\/Carine-Lanthier-therapeut-bien-etre-vitalite-tradition-chinoise-17-2.png\" alt=\"\" class=\"wp-image-297\" style=\"width:130px;height:auto\" srcset=\"https:\/\/www.carinelanthier.com\/wp-content\/uploads\/2025\/09\/Carine-Lanthier-therapeut-bien-etre-vitalite-tradition-chinoise-17-2.png 473w, https:\/\/www.carinelanthier.com\/wp-content\/uploads\/2025\/09\/Carine-Lanthier-therapeut-bien-etre-vitalite-tradition-chinoise-17-2-300x300.png 300w, https:\/\/www.carinelanthier.com\/wp-content\/uploads\/2025\/09\/Carine-Lanthier-therapeut-bien-etre-vitalite-tradition-chinoise-17-2-150x150.png 150w\" sizes=\"auto, (max-width: 473px) 100vw, 473px\" \/><\/figure>\n<\/div>\n\n\n\n<div class=\"wp-block-column is-vertically-aligned-center is-layout-flow wp-block-column-is-layout-flow\">\n<p><strong><em>Techniques de soins<\/em><\/strong><\/p>\n\n\n\n<p>La connaissance du syst\u00e8me des m\u00e9ridiens (jing luo) et points d\u2019acupuncture est d&rsquo;une importance capitale. Il constitue une des th\u00e9ories fondamentales propres au corpus de la m\u00e9decine chinoise. Peu importe l&rsquo;outil th\u00e9rapeutique utilis\u00e9, dans tous les cas il s\u2019agira de travailler sur le syst\u00e8me des m\u00e9ridiens.<br><a href=\"https:\/\/www.carinelanthier.com\/index.php\/techniques-de-soins\/\">En savoir plus<\/a><\/p>\n<\/div>\n<\/div>\n\n\n\n<div class=\"wp-block-columns alignwide are-vertically-aligned-center is-layout-flex wp-container-core-columns-is-layout-0111f410 wp-block-columns-is-layout-flex\" style=\"padding-right:var(--wp--preset--spacing--50);padding-left:var(--wp--preset--spacing--50)\">\n<div class=\"wp-block-column is-vertically-aligned-center is-layout-flow wp-block-column-is-layout-flow\" style=\"flex-basis:150px\">\n<figure class=\"wp-block-image aligncenter size-full is-resized\"><img loading=\"lazy\" decoding=\"async\" width=\"473\" height=\"473\" src=\"https:\/\/www.carinelanthier.com\/wp-content\/uploads\/2025\/09\/Carine-Lanthier-therapeut-bien-etre-vitalite-tradition-chinoise-19.png\" alt=\"\" class=\"wp-image-298\" style=\"width:130px;height:auto\" srcset=\"https:\/\/www.carinelanthier.com\/wp-content\/uploads\/2025\/09\/Carine-Lanthier-therapeut-bien-etre-vitalite-tradition-chinoise-19.png 473w, https:\/\/www.carinelanthier.com\/wp-content\/uploads\/2025\/09\/Carine-Lanthier-therapeut-bien-etre-vitalite-tradition-chinoise-19-300x300.png 300w, https:\/\/www.carinelanthier.com\/wp-content\/uploads\/2025\/09\/Carine-Lanthier-therapeut-bien-etre-vitalite-tradition-chinoise-19-150x150.png 150w\" sizes=\"auto, (max-width: 473px) 100vw, 473px\" \/><\/figure>\n<\/div>\n\n\n\n<div class=\"wp-block-column is-vertically-aligned-center is-layout-flow wp-block-column-is-layout-flow\">\n<p><strong><em><strong><em>La M\u00e9thode Traditionnelle Chinoise<\/em><\/strong><\/em><\/strong><\/p>\n\n\n\n<p>Il s\u2019agit d\u2019une approche qui consid\u00e8re l\u2019\u00eatre humain de mani\u00e8re globale, comme un ensemble \u00ab\u00a0corps et esprit\u00a0\u00bb mais \u00e9galement dans son rapport avec l\u2019environnement. Sa th\u00e9rapeutique, \u00e0 la fois pr\u00e9ventive et curative, repose sur des concepts originaux tels que la r\u00e9gulation de l&rsquo;\u00e9nergie appel\u00e9e Qi, l&rsquo;\u00e9quilibre des forces Yin et Yang, la prise en compte de l\u2019influence des cinq mouvements (Bois, Feu, Terre, M\u00e9tal, Eau) et des six Qi (Vent, Chaleur, Humidit\u00e9, Feu, S\u00e9cheresse, Froid) et l&rsquo;observation et l&rsquo;usage des m\u00e9ridiens en tant que trame de circulation de l\u2019\u00e9nergie, du sang et des liquides organiques.<br><a href=\"https:\/\/www.carinelanthier.com\/index.php\/la-mtc\/\">En savoir plus<\/a><\/p>\n<\/div>\n<\/div>\n\n\n\n<hr class=\"wp-block-separator has-alpha-channel-opacity is-style-dots\"\/>\n","protected":false},"excerpt":{"rendered":"<p>Pour qui, pour quoi ? Consulter, pour qui, pour quoi ? La MTC s\u2019adresse aux adultes, aux enfants, aux adolescents De part ma sp\u00e9cialisation, ma pratique s\u2019oriente principalement vers la sant\u00e9 des femmes. Cliniquement reconnue pour son efficacit\u00e9 sur de nombreux troubles f\u00e9minins (cycles, fertilit\u00e9, m\u00e9nopause, douleurs pelviennes, probl\u00e9matiques digestives&#8230;), l\u2019\u00e9nerg\u00e9tique chinoise repr\u00e9sente une approche [&hellip;]<\/p>\n","protected":false},"author":1,"featured_media":0,"parent":0,"menu_order":0,"comment_status":"closed","ping_status":"closed","template":"","meta":{"iawp_total_views":76,"footnotes":""},"class_list":["post-340","page","type-page","status-publish","hentry"],"yoast_head":"<!-- This site is optimized with the Yoast SEO plugin v27.5 - https:\/\/yoast.com\/product\/yoast-seo-wordpress\/ -->\n<title>Consulter Pour qui, pour quoi ? - Carine Lanthier<\/title>\n<meta name=\"description\" content=\"Consulter pour qui, pour quoi ? un suivi personnalis\u00e9 avec CArine Lanthier permet de retrouver bien-\u00eatre et vitalit\u00e9.\" \/>\n<meta name=\"robots\" content=\"index, follow, max-snippet:-1, max-image-preview:large, max-video-preview:-1\" \/>\n<link rel=\"canonical\" href=\"https:\/\/www.carinelanthier.com\/index.php\/pour-qui-pour-quoi\/\" \/>\n<meta property=\"og:locale\" content=\"fr_FR\" \/>\n<meta property=\"og:type\" content=\"article\" \/>\n<meta property=\"og:title\" content=\"Consulter Pour qui, pour quoi ? - Carine Lanthier\" \/>\n<meta property=\"og:description\" content=\"Consulter pour qui, pour quoi ? un suivi personnalis\u00e9 avec CArine Lanthier permet de retrouver bien-\u00eatre et vitalit\u00e9.\" \/>\n<meta property=\"og:url\" content=\"https:\/\/www.carinelanthier.com\/index.php\/pour-qui-pour-quoi\/\" \/>\n<meta property=\"og:site_name\" content=\"Carine Lanthier\" \/>\n<meta property=\"article:publisher\" content=\"https:\/\/www.facebook.com\/profile.php?id=61568685437110\" \/>\n<meta property=\"article:modified_time\" content=\"2026-04-28T14:32:15+00:00\" \/>\n<meta property=\"og:image\" content=\"https:\/\/www.carinelanthier.com\/wp-content\/uploads\/2025\/09\/Carine-Lanthier-therapeut-bien-etre-vitalite-tradition-chinoise-16-2.png\" \/>\n\t<meta property=\"og:image:width\" content=\"473\" \/>\n\t<meta property=\"og:image:height\" content=\"473\" \/>\n\t<meta property=\"og:image:type\" content=\"image\/png\" \/>\n<meta name=\"twitter:card\" content=\"summary_large_image\" \/>\n<meta name=\"twitter:label1\" content=\"Dur\u00e9e de lecture estim\u00e9e\" \/>\n\t<meta name=\"twitter:data1\" content=\"3 minutes\" \/>\n<script type=\"application\/ld+json\" class=\"yoast-schema-graph\">{\"@context\":\"https:\\\/\\\/schema.org\",\"@graph\":[{\"@type\":\"WebPage\",\"@id\":\"https:\\\/\\\/www.carinelanthier.com\\\/index.php\\\/pour-qui-pour-quoi\\\/\",\"url\":\"https:\\\/\\\/www.carinelanthier.com\\\/index.php\\\/pour-qui-pour-quoi\\\/\",\"name\":\"Consulter Pour qui, pour quoi ? - Carine Lanthier\",\"isPartOf\":{\"@id\":\"https:\\\/\\\/www.carinelanthier.com\\\/#website\"},\"primaryImageOfPage\":{\"@id\":\"https:\\\/\\\/www.carinelanthier.com\\\/index.php\\\/pour-qui-pour-quoi\\\/#primaryimage\"},\"image\":{\"@id\":\"https:\\\/\\\/www.carinelanthier.com\\\/index.php\\\/pour-qui-pour-quoi\\\/#primaryimage\"},\"thumbnailUrl\":\"https:\\\/\\\/www.carinelanthier.com\\\/wp-content\\\/uploads\\\/2025\\\/09\\\/Carine-Lanthier-therapeut-bien-etre-vitalite-tradition-chinoise-16-2.png\",\"datePublished\":\"2025-09-15T12:52:51+00:00\",\"dateModified\":\"2026-04-28T14:32:15+00:00\",\"description\":\"Consulter pour qui, pour quoi ? un suivi personnalis\u00e9 avec CArine Lanthier permet de retrouver bien-\u00eatre et vitalit\u00e9.\",\"breadcrumb\":{\"@id\":\"https:\\\/\\\/www.carinelanthier.com\\\/index.php\\\/pour-qui-pour-quoi\\\/#breadcrumb\"},\"inLanguage\":\"fr-FR\",\"potentialAction\":[{\"@type\":\"ReadAction\",\"target\":[\"https:\\\/\\\/www.carinelanthier.com\\\/index.php\\\/pour-qui-pour-quoi\\\/\"]}]},{\"@type\":\"ImageObject\",\"inLanguage\":\"fr-FR\",\"@id\":\"https:\\\/\\\/www.carinelanthier.com\\\/index.php\\\/pour-qui-pour-quoi\\\/#primaryimage\",\"url\":\"https:\\\/\\\/www.carinelanthier.com\\\/wp-content\\\/uploads\\\/2025\\\/09\\\/Carine-Lanthier-therapeut-bien-etre-vitalite-tradition-chinoise-16-2.png\",\"contentUrl\":\"https:\\\/\\\/www.carinelanthier.com\\\/wp-content\\\/uploads\\\/2025\\\/09\\\/Carine-Lanthier-therapeut-bien-etre-vitalite-tradition-chinoise-16-2.png\",\"width\":473,\"height\":473},{\"@type\":\"BreadcrumbList\",\"@id\":\"https:\\\/\\\/www.carinelanthier.com\\\/index.php\\\/pour-qui-pour-quoi\\\/#breadcrumb\",\"itemListElement\":[{\"@type\":\"ListItem\",\"position\":1,\"name\":\"Home\",\"item\":\"https:\\\/\\\/www.carinelanthier.com\\\/\"},{\"@type\":\"ListItem\",\"position\":2,\"name\":\"Pour qui, pour quoi ?\"}]},{\"@type\":\"WebSite\",\"@id\":\"https:\\\/\\\/www.carinelanthier.com\\\/#website\",\"url\":\"https:\\\/\\\/www.carinelanthier.com\\\/\",\"name\":\"Carine Lanthier\",\"description\":\"\",\"publisher\":{\"@id\":\"https:\\\/\\\/www.carinelanthier.com\\\/#organization\"},\"potentialAction\":[{\"@type\":\"SearchAction\",\"target\":{\"@type\":\"EntryPoint\",\"urlTemplate\":\"https:\\\/\\\/www.carinelanthier.com\\\/?s={search_term_string}\"},\"query-input\":{\"@type\":\"PropertyValueSpecification\",\"valueRequired\":true,\"valueName\":\"search_term_string\"}}],\"inLanguage\":\"fr-FR\"},{\"@type\":\"Organization\",\"@id\":\"https:\\\/\\\/www.carinelanthier.com\\\/#organization\",\"name\":\"Carine Lanthier\",\"url\":\"https:\\\/\\\/www.carinelanthier.com\\\/\",\"logo\":{\"@type\":\"ImageObject\",\"inLanguage\":\"fr-FR\",\"@id\":\"https:\\\/\\\/www.carinelanthier.com\\\/#\\\/schema\\\/logo\\\/image\\\/\",\"url\":\"https:\\\/\\\/www.carinelanthier.com\\\/wp-content\\\/uploads\\\/2025\\\/09\\\/Carine-Lanthier-therapeut-bien-etre-vitalite-tradition-chinoise-RVB-09.jpg\",\"contentUrl\":\"https:\\\/\\\/www.carinelanthier.com\\\/wp-content\\\/uploads\\\/2025\\\/09\\\/Carine-Lanthier-therapeut-bien-etre-vitalite-tradition-chinoise-RVB-09.jpg\",\"width\":1772,\"height\":1181,\"caption\":\"Carine Lanthier\"},\"image\":{\"@id\":\"https:\\\/\\\/www.carinelanthier.com\\\/#\\\/schema\\\/logo\\\/image\\\/\"},\"sameAs\":[\"https:\\\/\\\/www.facebook.com\\\/profile.php?id=61568685437110\"]}]}<\/script>\n<!-- \/ Yoast SEO plugin. -->","yoast_head_json":{"title":"Consulter Pour qui, pour quoi ? - Carine Lanthier","description":"Consulter pour qui, pour quoi ? un suivi personnalis\u00e9 avec CArine Lanthier permet de retrouver bien-\u00eatre et vitalit\u00e9.","robots":{"index":"index","follow":"follow","max-snippet":"max-snippet:-1","max-image-preview":"max-image-preview:large","max-video-preview":"max-video-preview:-1"},"canonical":"https:\/\/www.carinelanthier.com\/index.php\/pour-qui-pour-quoi\/","og_locale":"fr_FR","og_type":"article","og_title":"Consulter Pour qui, pour quoi ? - Carine Lanthier","og_description":"Consulter pour qui, pour quoi ? un suivi personnalis\u00e9 avec CArine Lanthier permet de retrouver bien-\u00eatre et vitalit\u00e9.","og_url":"https:\/\/www.carinelanthier.com\/index.php\/pour-qui-pour-quoi\/","og_site_name":"Carine Lanthier","article_publisher":"https:\/\/www.facebook.com\/profile.php?id=61568685437110","article_modified_time":"2026-04-28T14:32:15+00:00","og_image":[{"width":473,"height":473,"url":"https:\/\/www.carinelanthier.com\/wp-content\/uploads\/2025\/09\/Carine-Lanthier-therapeut-bien-etre-vitalite-tradition-chinoise-16-2.png","type":"image\/png"}],"twitter_card":"summary_large_image","twitter_misc":{"Dur\u00e9e de lecture estim\u00e9e":"3 minutes"},"schema":{"@context":"https:\/\/schema.org","@graph":[{"@type":"WebPage","@id":"https:\/\/www.carinelanthier.com\/index.php\/pour-qui-pour-quoi\/","url":"https:\/\/www.carinelanthier.com\/index.php\/pour-qui-pour-quoi\/","name":"Consulter Pour qui, pour quoi ? - Carine Lanthier","isPartOf":{"@id":"https:\/\/www.carinelanthier.com\/#website"},"primaryImageOfPage":{"@id":"https:\/\/www.carinelanthier.com\/index.php\/pour-qui-pour-quoi\/#primaryimage"},"image":{"@id":"https:\/\/www.carinelanthier.com\/index.php\/pour-qui-pour-quoi\/#primaryimage"},"thumbnailUrl":"https:\/\/www.carinelanthier.com\/wp-content\/uploads\/2025\/09\/Carine-Lanthier-therapeut-bien-etre-vitalite-tradition-chinoise-16-2.png","datePublished":"2025-09-15T12:52:51+00:00","dateModified":"2026-04-28T14:32:15+00:00","description":"Consulter pour qui, pour quoi ? un suivi personnalis\u00e9 avec CArine Lanthier permet de retrouver bien-\u00eatre et vitalit\u00e9.","breadcrumb":{"@id":"https:\/\/www.carinelanthier.com\/index.php\/pour-qui-pour-quoi\/#breadcrumb"},"inLanguage":"fr-FR","potentialAction":[{"@type":"ReadAction","target":["https:\/\/www.carinelanthier.com\/index.php\/pour-qui-pour-quoi\/"]}]},{"@type":"ImageObject","inLanguage":"fr-FR","@id":"https:\/\/www.carinelanthier.com\/index.php\/pour-qui-pour-quoi\/#primaryimage","url":"https:\/\/www.carinelanthier.com\/wp-content\/uploads\/2025\/09\/Carine-Lanthier-therapeut-bien-etre-vitalite-tradition-chinoise-16-2.png","contentUrl":"https:\/\/www.carinelanthier.com\/wp-content\/uploads\/2025\/09\/Carine-Lanthier-therapeut-bien-etre-vitalite-tradition-chinoise-16-2.png","width":473,"height":473},{"@type":"BreadcrumbList","@id":"https:\/\/www.carinelanthier.com\/index.php\/pour-qui-pour-quoi\/#breadcrumb","itemListElement":[{"@type":"ListItem","position":1,"name":"Home","item":"https:\/\/www.carinelanthier.com\/"},{"@type":"ListItem","position":2,"name":"Pour qui, pour quoi ?"}]},{"@type":"WebSite","@id":"https:\/\/www.carinelanthier.com\/#website","url":"https:\/\/www.carinelanthier.com\/","name":"Carine Lanthier","description":"","publisher":{"@id":"https:\/\/www.carinelanthier.com\/#organization"},"potentialAction":[{"@type":"SearchAction","target":{"@type":"EntryPoint","urlTemplate":"https:\/\/www.carinelanthier.com\/?s={search_term_string}"},"query-input":{"@type":"PropertyValueSpecification","valueRequired":true,"valueName":"search_term_string"}}],"inLanguage":"fr-FR"},{"@type":"Organization","@id":"https:\/\/www.carinelanthier.com\/#organization","name":"Carine Lanthier","url":"https:\/\/www.carinelanthier.com\/","logo":{"@type":"ImageObject","inLanguage":"fr-FR","@id":"https:\/\/www.carinelanthier.com\/#\/schema\/logo\/image\/","url":"https:\/\/www.carinelanthier.com\/wp-content\/uploads\/2025\/09\/Carine-Lanthier-therapeut-bien-etre-vitalite-tradition-chinoise-RVB-09.jpg","contentUrl":"https:\/\/www.carinelanthier.com\/wp-content\/uploads\/2025\/09\/Carine-Lanthier-therapeut-bien-etre-vitalite-tradition-chinoise-RVB-09.jpg","width":1772,"height":1181,"caption":"Carine Lanthier"},"image":{"@id":"https:\/\/www.carinelanthier.com\/#\/schema\/logo\/image\/"},"sameAs":["https:\/\/www.facebook.com\/profile.php?id=61568685437110"]}]}},"_links":{"self":[{"href":"https:\/\/www.carinelanthier.com\/index.php\/wp-json\/wp\/v2\/pages\/340","targetHints":{"allow":["GET"]}}],"collection":[{"href":"https:\/\/www.carinelanthier.com\/index.php\/wp-json\/wp\/v2\/pages"}],"about":[{"href":"https:\/\/www.carinelanthier.com\/index.php\/wp-json\/wp\/v2\/types\/page"}],"author":[{"embeddable":true,"href":"https:\/\/www.carinelanthier.com\/index.php\/wp-json\/wp\/v2\/users\/1"}],"replies":[{"embeddable":true,"href":"https:\/\/www.carinelanthier.com\/index.php\/wp-json\/wp\/v2\/comments?post=340"}],"version-history":[{"count":14,"href":"https:\/\/www.carinelanthier.com\/index.php\/wp-json\/wp\/v2\/pages\/340\/revisions"}],"predecessor-version":[{"id":569,"href":"https:\/\/www.carinelanthier.com\/index.php\/wp-json\/wp\/v2\/pages\/340\/revisions\/569"}],"wp:attachment":[{"href":"https:\/\/www.carinelanthier.com\/index.php\/wp-json\/wp\/v2\/media?parent=340"}],"curies":[{"name":"wp","href":"https:\/\/api.w.org\/{rel}","templated":true}]}}