{"id":329,"date":"2025-09-15T12:07:38","date_gmt":"2025-09-15T12:07:38","guid":{"rendered":"https:\/\/www.carinelanthier.com\/?page_id=329"},"modified":"2026-04-28T14:30:48","modified_gmt":"2026-04-28T14:30:48","slug":"methodes-soins","status":"publish","type":"page","link":"https:\/\/www.carinelanthier.com\/index.php\/methodes-soins\/","title":{"rendered":"M\u00e9thodes &#038; soins"},"content":{"rendered":"\n<h4 class=\"wp-block-heading has-text-align-center\">M\u00e9thodes &amp; soins<\/h4>\n\n\n\n<div class=\"wp-block-columns is-layout-flex wp-container-core-columns-is-layout-f4802798 wp-block-columns-is-layout-flex\" style=\"margin-top:var(--wp--preset--spacing--60);margin-bottom:var(--wp--preset--spacing--60);padding-top:0;padding-right:var(--wp--preset--spacing--40);padding-bottom:0;padding-left:var(--wp--preset--spacing--40)\">\n<div class=\"wp-block-column is-layout-flow wp-block-column-is-layout-flow\" style=\"padding-right:var(--wp--preset--spacing--50);padding-left:var(--wp--preset--spacing--50)\">\n<figure class=\"wp-block-image aligncenter size-full is-resized\"><a href=\"https:\/\/www.carinelanthier.com\/index.php\/la-mtc\/\"><img loading=\"lazy\" decoding=\"async\" width=\"473\" height=\"473\" src=\"https:\/\/www.carinelanthier.com\/wp-content\/uploads\/2025\/09\/Carine-Lanthier-therapeut-bien-etre-vitalite-tradition-chinoise-19.png\" alt=\"\" class=\"wp-image-298\" style=\"width:152px;height:auto\" srcset=\"https:\/\/www.carinelanthier.com\/wp-content\/uploads\/2025\/09\/Carine-Lanthier-therapeut-bien-etre-vitalite-tradition-chinoise-19.png 473w, https:\/\/www.carinelanthier.com\/wp-content\/uploads\/2025\/09\/Carine-Lanthier-therapeut-bien-etre-vitalite-tradition-chinoise-19-300x300.png 300w, https:\/\/www.carinelanthier.com\/wp-content\/uploads\/2025\/09\/Carine-Lanthier-therapeut-bien-etre-vitalite-tradition-chinoise-19-150x150.png 150w\" sizes=\"auto, (max-width: 473px) 100vw, 473px\" \/><\/a><\/figure>\n\n\n\n<h5 class=\"wp-block-heading has-text-align-center\"><strong><em>La M\u00e9decine Traditionnelle Chinoise (MTC)<\/em><\/strong><\/h5>\n\n\n\n<p>La M\u00e9thode Traditionnelle Chinoise (MTC) s\u2019appuie sur des connaissances et des pratiques accumul\u00e9es et \u00e9prouv\u00e9es depuis plus de vingt si\u00e8cles. Elle r\u00e9pond aujourd\u2019hui aux probl\u00e8mes de sant\u00e9 de populations r\u00e9parties dans tous les pays du globe.<\/p>\n\n\n\n<div class=\"wp-block-buttons is-content-justification-center is-layout-flex wp-container-core-buttons-is-layout-a89b3969 wp-block-buttons-is-layout-flex\">\n<div class=\"wp-block-button\"><a class=\"wp-block-button__link has-background-background-color has-background has-border-color wp-element-button\" href=\"https:\/\/www.carinelanthier.com\/index.php\/la-mtc\/\" style=\"border-color:#a38e84;border-width:1px;border-radius:100px\">En savoir plus<\/a><\/div>\n<\/div>\n\n\n\n<div style=\"height:13px\" aria-hidden=\"true\" class=\"wp-block-spacer\"><\/div>\n\n\n\n<figure class=\"wp-block-image aligncenter size-large has-custom-border\"><img loading=\"lazy\" decoding=\"async\" width=\"682\" height=\"1024\" src=\"https:\/\/www.carinelanthier.com\/wp-content\/uploads\/2025\/09\/CARINE-LANTHIER-CABINET-SEANCE-JPG-2000PX-26-682x1024.jpg\" alt=\"M\u00e9thodes &amp; soins. Zoom sur une aiguille et des herbes qui chaufferont le point de m\u00e9ridien \u00e0 travailler pour le bien\u00eatre\" class=\"wp-image-269\" style=\"border-radius:44px\" srcset=\"https:\/\/www.carinelanthier.com\/wp-content\/uploads\/2025\/09\/CARINE-LANTHIER-CABINET-SEANCE-JPG-2000PX-26-682x1024.jpg 682w, https:\/\/www.carinelanthier.com\/wp-content\/uploads\/2025\/09\/CARINE-LANTHIER-CABINET-SEANCE-JPG-2000PX-26-200x300.jpg 200w, https:\/\/www.carinelanthier.com\/wp-content\/uploads\/2025\/09\/CARINE-LANTHIER-CABINET-SEANCE-JPG-2000PX-26-768x1152.jpg 768w, https:\/\/www.carinelanthier.com\/wp-content\/uploads\/2025\/09\/CARINE-LANTHIER-CABINET-SEANCE-JPG-2000PX-26-1024x1536.jpg 1024w, https:\/\/www.carinelanthier.com\/wp-content\/uploads\/2025\/09\/CARINE-LANTHIER-CABINET-SEANCE-JPG-2000PX-26.jpg 1333w\" sizes=\"auto, (max-width: 682px) 100vw, 682px\" \/><\/figure>\n<\/div>\n\n\n\n<div class=\"wp-block-column is-layout-flow wp-block-column-is-layout-flow\" style=\"padding-right:var(--wp--preset--spacing--50);padding-left:var(--wp--preset--spacing--50)\">\n<figure class=\"wp-block-image aligncenter size-full is-resized\"><a href=\"https:\/\/www.carinelanthier.com\/index.php\/pour-qui-pour-quoi\/\"><img loading=\"lazy\" decoding=\"async\" width=\"473\" height=\"473\" src=\"https:\/\/www.carinelanthier.com\/wp-content\/uploads\/2025\/09\/Carine-Lanthier-therapeut-bien-etre-vitalite-tradition-chinoise-16-2.png\" alt=\"\" class=\"wp-image-296\" style=\"width:152px\" srcset=\"https:\/\/www.carinelanthier.com\/wp-content\/uploads\/2025\/09\/Carine-Lanthier-therapeut-bien-etre-vitalite-tradition-chinoise-16-2.png 473w, https:\/\/www.carinelanthier.com\/wp-content\/uploads\/2025\/09\/Carine-Lanthier-therapeut-bien-etre-vitalite-tradition-chinoise-16-2-300x300.png 300w, https:\/\/www.carinelanthier.com\/wp-content\/uploads\/2025\/09\/Carine-Lanthier-therapeut-bien-etre-vitalite-tradition-chinoise-16-2-150x150.png 150w\" sizes=\"auto, (max-width: 473px) 100vw, 473px\" \/><\/a><\/figure>\n\n\n\n<h5 class=\"wp-block-heading has-text-align-center\"><strong><em>pour qui, pour quoi&nbsp;?<\/em><\/strong><\/h5>\n\n\n\n<p>La MTC s\u2019adresse aux adultes, aux enfants, aux adolescents<\/p>\n\n\n\n<p>De part ma sp\u00e9cialisation, ma pratique s\u2019oriente principalement vers la sant\u00e9 des femmes. Cliniquement reconnue pour son efficacit\u00e9 sur de nombreux troubles f\u00e9minins (cycles, fertilit\u00e9, m\u00e9nopause, douleurs pelviennes, probl\u00e9matiques digestives&#8230;), l\u2019\u00e9nerg\u00e9tique chinoise repr\u00e9sente une approche compl\u00e9mentaire aujourd&rsquo;hui conseill\u00e9e dans de nombreux protocoles d\u2019accompagnement de maladies chroniques.<\/p>\n\n\n\n<div class=\"wp-block-buttons is-content-justification-center is-layout-flex wp-container-core-buttons-is-layout-a89b3969 wp-block-buttons-is-layout-flex\">\n<div class=\"wp-block-button\"><a class=\"wp-block-button__link has-background-background-color has-background has-border-color wp-element-button\" href=\"https:\/\/www.carinelanthier.com\/index.php\/pour-qui-pour-quoi\/\" style=\"border-color:#a38e84;border-width:1px;border-radius:100px\">En savoir plus<\/a><\/div>\n<\/div>\n\n\n\n<div style=\"height:13px\" aria-hidden=\"true\" class=\"wp-block-spacer\"><\/div>\n\n\n\n<figure class=\"wp-block-image aligncenter size-large has-custom-border\"><img loading=\"lazy\" decoding=\"async\" width=\"682\" height=\"1024\" src=\"https:\/\/www.carinelanthier.com\/wp-content\/uploads\/2025\/09\/CARINE-LANTHIER-CABINET-SEANCE-JPG-2000PX-33-682x1024.jpg\" alt=\"M\u00e9thodes &amp; soins. Massage du dos par pression des points choisis pour soulager les tensions musculaires.\" class=\"wp-image-346\" style=\"border-radius:44px\" srcset=\"https:\/\/www.carinelanthier.com\/wp-content\/uploads\/2025\/09\/CARINE-LANTHIER-CABINET-SEANCE-JPG-2000PX-33-682x1024.jpg 682w, https:\/\/www.carinelanthier.com\/wp-content\/uploads\/2025\/09\/CARINE-LANTHIER-CABINET-SEANCE-JPG-2000PX-33-200x300.jpg 200w, https:\/\/www.carinelanthier.com\/wp-content\/uploads\/2025\/09\/CARINE-LANTHIER-CABINET-SEANCE-JPG-2000PX-33-768x1152.jpg 768w, https:\/\/www.carinelanthier.com\/wp-content\/uploads\/2025\/09\/CARINE-LANTHIER-CABINET-SEANCE-JPG-2000PX-33-1024x1536.jpg 1024w, https:\/\/www.carinelanthier.com\/wp-content\/uploads\/2025\/09\/CARINE-LANTHIER-CABINET-SEANCE-JPG-2000PX-33.jpg 1333w\" sizes=\"auto, (max-width: 682px) 100vw, 682px\" \/><\/figure>\n<\/div>\n\n\n\n<div class=\"wp-block-column is-layout-flow wp-block-column-is-layout-flow\" style=\"padding-right:var(--wp--preset--spacing--50);padding-left:var(--wp--preset--spacing--50)\">\n<figure class=\"wp-block-image aligncenter size-full is-resized\"><a href=\"https:\/\/www.carinelanthier.com\/index.php\/techniques-de-soins\/\"><img loading=\"lazy\" decoding=\"async\" width=\"473\" height=\"473\" src=\"https:\/\/www.carinelanthier.com\/wp-content\/uploads\/2025\/09\/Carine-Lanthier-therapeut-bien-etre-vitalite-tradition-chinoise-17-2.png\" alt=\"\" class=\"wp-image-297\" style=\"width:152px\" srcset=\"https:\/\/www.carinelanthier.com\/wp-content\/uploads\/2025\/09\/Carine-Lanthier-therapeut-bien-etre-vitalite-tradition-chinoise-17-2.png 473w, https:\/\/www.carinelanthier.com\/wp-content\/uploads\/2025\/09\/Carine-Lanthier-therapeut-bien-etre-vitalite-tradition-chinoise-17-2-300x300.png 300w, https:\/\/www.carinelanthier.com\/wp-content\/uploads\/2025\/09\/Carine-Lanthier-therapeut-bien-etre-vitalite-tradition-chinoise-17-2-150x150.png 150w\" sizes=\"auto, (max-width: 473px) 100vw, 473px\" \/><\/a><\/figure>\n\n\n\n<h5 class=\"wp-block-heading has-text-align-center\"><strong><em>Techniques de soins<\/em><\/strong><\/h5>\n\n\n\n<p>La connaissance du syst\u00e8me des m\u00e9ridiens (jing luo) et points d\u2019acupuncture est d&rsquo;une importance capitale. Il constitue une des th\u00e9ories fondamentales propres au corpus de la m\u00e9decine chinoise. Peu importe l&rsquo;outil th\u00e9rapeutique utilis\u00e9, dans tous les cas il s\u2019agira de travailler sur le syst\u00e8me des m\u00e9ridiens et des points d\u2019acupuncture.<\/p>\n\n\n\n<p>Toutes les m\u00e9thodes &amp; soins dispens\u00e9s par Carine Lanthier sont personnalis\u00e9s en fonction du bilan \u00e9nerg\u00e9tique \u00e9tablit lors du premier rdv.<\/p>\n\n\n\n<div class=\"wp-block-buttons is-content-justification-center is-layout-flex wp-container-core-buttons-is-layout-a89b3969 wp-block-buttons-is-layout-flex\">\n<div class=\"wp-block-button\"><a class=\"wp-block-button__link has-background-background-color has-background has-border-color wp-element-button\" href=\"https:\/\/www.carinelanthier.com\/index.php\/techniques-de-soins\/\" style=\"border-color:#a38e84;border-width:1px;border-radius:100px\">En savoir plus<\/a><\/div>\n<\/div>\n\n\n\n<div style=\"height:13px\" aria-hidden=\"true\" class=\"wp-block-spacer\"><\/div>\n\n\n\n<figure class=\"wp-block-image aligncenter size-large has-custom-border\"><img loading=\"lazy\" decoding=\"async\" width=\"682\" height=\"1024\" src=\"https:\/\/www.carinelanthier.com\/wp-content\/uploads\/2025\/09\/CARINE-LANTHIER-CABINET-SEANCE-JPG-2000PX-37-682x1024.jpg\" alt=\"M\u00e9thodes &amp; soins. La m\u00e9thodes des ventouses permet de chauffer et stimuler les zones nou\u00e9es et faire circuler l'\u00e9nergie.\" class=\"wp-image-272\" style=\"border-radius:44px\" srcset=\"https:\/\/www.carinelanthier.com\/wp-content\/uploads\/2025\/09\/CARINE-LANTHIER-CABINET-SEANCE-JPG-2000PX-37-682x1024.jpg 682w, https:\/\/www.carinelanthier.com\/wp-content\/uploads\/2025\/09\/CARINE-LANTHIER-CABINET-SEANCE-JPG-2000PX-37-200x300.jpg 200w, https:\/\/www.carinelanthier.com\/wp-content\/uploads\/2025\/09\/CARINE-LANTHIER-CABINET-SEANCE-JPG-2000PX-37-768x1152.jpg 768w, https:\/\/www.carinelanthier.com\/wp-content\/uploads\/2025\/09\/CARINE-LANTHIER-CABINET-SEANCE-JPG-2000PX-37-1024x1536.jpg 1024w, https:\/\/www.carinelanthier.com\/wp-content\/uploads\/2025\/09\/CARINE-LANTHIER-CABINET-SEANCE-JPG-2000PX-37.jpg 1333w\" sizes=\"auto, (max-width: 682px) 100vw, 682px\" \/><\/figure>\n<\/div>\n<\/div>\n\n\n\n<hr class=\"wp-block-separator has-alpha-channel-opacity is-style-dots\"\/>\n\n\n\n<div style=\"height:60px\" aria-hidden=\"true\" class=\"wp-block-spacer\"><\/div>\n","protected":false},"excerpt":{"rendered":"<p>M\u00e9thodes &amp; soins La M\u00e9decine Traditionnelle Chinoise (MTC) La M\u00e9thode Traditionnelle Chinoise (MTC) s\u2019appuie sur des connaissances et des pratiques accumul\u00e9es et \u00e9prouv\u00e9es depuis plus de vingt si\u00e8cles. Elle r\u00e9pond aujourd\u2019hui aux probl\u00e8mes de sant\u00e9 de populations r\u00e9parties dans tous les pays du globe. pour qui, pour quoi&nbsp;? La MTC s\u2019adresse aux adultes, aux enfants, [&hellip;]<\/p>\n","protected":false},"author":1,"featured_media":303,"parent":0,"menu_order":0,"comment_status":"closed","ping_status":"closed","template":"","meta":{"iawp_total_views":85,"footnotes":""},"class_list":["post-329","page","type-page","status-publish","has-post-thumbnail","hentry"],"yoast_head":"<!-- This site is optimized with the Yoast SEO plugin v27.5 - https:\/\/yoast.com\/product\/yoast-seo-wordpress\/ -->\n<title>M\u00e9thodes &amp; soins - Carine Lanthier<\/title>\n<meta name=\"description\" content=\"M\u00e9thodes &amp; soins internes et externes selon la MTC par Carine Lanthier, th\u00e9rapeute \u00e0 Annecy-le-Vieux. Elle accompagne enfants et adultes.\" \/>\n<meta name=\"robots\" content=\"index, follow, max-snippet:-1, max-image-preview:large, max-video-preview:-1\" \/>\n<link rel=\"canonical\" href=\"https:\/\/www.carinelanthier.com\/index.php\/methodes-soins\/\" \/>\n<meta property=\"og:locale\" content=\"fr_FR\" \/>\n<meta property=\"og:type\" content=\"article\" \/>\n<meta property=\"og:title\" content=\"M\u00e9thodes &amp; soins - Carine Lanthier\" \/>\n<meta property=\"og:description\" content=\"M\u00e9thodes &amp; soins internes et externes selon la MTC par Carine Lanthier, th\u00e9rapeute \u00e0 Annecy-le-Vieux. Elle accompagne enfants et adultes.\" \/>\n<meta property=\"og:url\" content=\"https:\/\/www.carinelanthier.com\/index.php\/methodes-soins\/\" \/>\n<meta property=\"og:site_name\" content=\"Carine Lanthier\" \/>\n<meta property=\"article:publisher\" content=\"https:\/\/www.facebook.com\/profile.php?id=61568685437110\" \/>\n<meta property=\"article:modified_time\" content=\"2026-04-28T14:30:48+00:00\" \/>\n<meta property=\"og:image\" content=\"https:\/\/www.carinelanthier.com\/wp-content\/uploads\/2025\/09\/CARINE-LANTHIER-CABINET-SEANCE-JPG-2000PX-11.jpg\" \/>\n\t<meta property=\"og:image:width\" content=\"2000\" \/>\n\t<meta property=\"og:image:height\" content=\"1333\" \/>\n\t<meta property=\"og:image:type\" content=\"image\/jpeg\" \/>\n<meta name=\"twitter:card\" content=\"summary_large_image\" \/>\n<meta name=\"twitter:label1\" content=\"Dur\u00e9e de lecture estim\u00e9e\" \/>\n\t<meta name=\"twitter:data1\" content=\"3 minutes\" \/>\n<script type=\"application\/ld+json\" class=\"yoast-schema-graph\">{\"@context\":\"https:\\\/\\\/schema.org\",\"@graph\":[{\"@type\":\"WebPage\",\"@id\":\"https:\\\/\\\/www.carinelanthier.com\\\/index.php\\\/methodes-soins\\\/\",\"url\":\"https:\\\/\\\/www.carinelanthier.com\\\/index.php\\\/methodes-soins\\\/\",\"name\":\"M\u00e9thodes & soins - Carine Lanthier\",\"isPartOf\":{\"@id\":\"https:\\\/\\\/www.carinelanthier.com\\\/#website\"},\"primaryImageOfPage\":{\"@id\":\"https:\\\/\\\/www.carinelanthier.com\\\/index.php\\\/methodes-soins\\\/#primaryimage\"},\"image\":{\"@id\":\"https:\\\/\\\/www.carinelanthier.com\\\/index.php\\\/methodes-soins\\\/#primaryimage\"},\"thumbnailUrl\":\"https:\\\/\\\/www.carinelanthier.com\\\/wp-content\\\/uploads\\\/2025\\\/09\\\/CARINE-LANTHIER-CABINET-SEANCE-JPG-2000PX-11.jpg\",\"datePublished\":\"2025-09-15T12:07:38+00:00\",\"dateModified\":\"2026-04-28T14:30:48+00:00\",\"description\":\"M\u00e9thodes & soins internes et externes selon la MTC par Carine Lanthier, th\u00e9rapeute \u00e0 Annecy-le-Vieux. Elle accompagne enfants et adultes.\",\"breadcrumb\":{\"@id\":\"https:\\\/\\\/www.carinelanthier.com\\\/index.php\\\/methodes-soins\\\/#breadcrumb\"},\"inLanguage\":\"fr-FR\",\"potentialAction\":[{\"@type\":\"ReadAction\",\"target\":[\"https:\\\/\\\/www.carinelanthier.com\\\/index.php\\\/methodes-soins\\\/\"]}]},{\"@type\":\"ImageObject\",\"inLanguage\":\"fr-FR\",\"@id\":\"https:\\\/\\\/www.carinelanthier.com\\\/index.php\\\/methodes-soins\\\/#primaryimage\",\"url\":\"https:\\\/\\\/www.carinelanthier.com\\\/wp-content\\\/uploads\\\/2025\\\/09\\\/CARINE-LANTHIER-CABINET-SEANCE-JPG-2000PX-11.jpg\",\"contentUrl\":\"https:\\\/\\\/www.carinelanthier.com\\\/wp-content\\\/uploads\\\/2025\\\/09\\\/CARINE-LANTHIER-CABINET-SEANCE-JPG-2000PX-11.jpg\",\"width\":2000,\"height\":1333},{\"@type\":\"BreadcrumbList\",\"@id\":\"https:\\\/\\\/www.carinelanthier.com\\\/index.php\\\/methodes-soins\\\/#breadcrumb\",\"itemListElement\":[{\"@type\":\"ListItem\",\"position\":1,\"name\":\"Home\",\"item\":\"https:\\\/\\\/www.carinelanthier.com\\\/\"},{\"@type\":\"ListItem\",\"position\":2,\"name\":\"M\u00e9thodes &#038; soins\"}]},{\"@type\":\"WebSite\",\"@id\":\"https:\\\/\\\/www.carinelanthier.com\\\/#website\",\"url\":\"https:\\\/\\\/www.carinelanthier.com\\\/\",\"name\":\"Carine Lanthier\",\"description\":\"\",\"publisher\":{\"@id\":\"https:\\\/\\\/www.carinelanthier.com\\\/#organization\"},\"potentialAction\":[{\"@type\":\"SearchAction\",\"target\":{\"@type\":\"EntryPoint\",\"urlTemplate\":\"https:\\\/\\\/www.carinelanthier.com\\\/?s={search_term_string}\"},\"query-input\":{\"@type\":\"PropertyValueSpecification\",\"valueRequired\":true,\"valueName\":\"search_term_string\"}}],\"inLanguage\":\"fr-FR\"},{\"@type\":\"Organization\",\"@id\":\"https:\\\/\\\/www.carinelanthier.com\\\/#organization\",\"name\":\"Carine Lanthier\",\"url\":\"https:\\\/\\\/www.carinelanthier.com\\\/\",\"logo\":{\"@type\":\"ImageObject\",\"inLanguage\":\"fr-FR\",\"@id\":\"https:\\\/\\\/www.carinelanthier.com\\\/#\\\/schema\\\/logo\\\/image\\\/\",\"url\":\"https:\\\/\\\/www.carinelanthier.com\\\/wp-content\\\/uploads\\\/2025\\\/09\\\/Carine-Lanthier-therapeut-bien-etre-vitalite-tradition-chinoise-RVB-09.jpg\",\"contentUrl\":\"https:\\\/\\\/www.carinelanthier.com\\\/wp-content\\\/uploads\\\/2025\\\/09\\\/Carine-Lanthier-therapeut-bien-etre-vitalite-tradition-chinoise-RVB-09.jpg\",\"width\":1772,\"height\":1181,\"caption\":\"Carine Lanthier\"},\"image\":{\"@id\":\"https:\\\/\\\/www.carinelanthier.com\\\/#\\\/schema\\\/logo\\\/image\\\/\"},\"sameAs\":[\"https:\\\/\\\/www.facebook.com\\\/profile.php?id=61568685437110\"]}]}<\/script>\n<!-- \/ Yoast SEO plugin. -->","yoast_head_json":{"title":"M\u00e9thodes & soins - Carine Lanthier","description":"M\u00e9thodes & soins internes et externes selon la MTC par Carine Lanthier, th\u00e9rapeute \u00e0 Annecy-le-Vieux. Elle accompagne enfants et adultes.","robots":{"index":"index","follow":"follow","max-snippet":"max-snippet:-1","max-image-preview":"max-image-preview:large","max-video-preview":"max-video-preview:-1"},"canonical":"https:\/\/www.carinelanthier.com\/index.php\/methodes-soins\/","og_locale":"fr_FR","og_type":"article","og_title":"M\u00e9thodes & soins - Carine Lanthier","og_description":"M\u00e9thodes & soins internes et externes selon la MTC par Carine Lanthier, th\u00e9rapeute \u00e0 Annecy-le-Vieux. Elle accompagne enfants et adultes.","og_url":"https:\/\/www.carinelanthier.com\/index.php\/methodes-soins\/","og_site_name":"Carine Lanthier","article_publisher":"https:\/\/www.facebook.com\/profile.php?id=61568685437110","article_modified_time":"2026-04-28T14:30:48+00:00","og_image":[{"width":2000,"height":1333,"url":"https:\/\/www.carinelanthier.com\/wp-content\/uploads\/2025\/09\/CARINE-LANTHIER-CABINET-SEANCE-JPG-2000PX-11.jpg","type":"image\/jpeg"}],"twitter_card":"summary_large_image","twitter_misc":{"Dur\u00e9e de lecture estim\u00e9e":"3 minutes"},"schema":{"@context":"https:\/\/schema.org","@graph":[{"@type":"WebPage","@id":"https:\/\/www.carinelanthier.com\/index.php\/methodes-soins\/","url":"https:\/\/www.carinelanthier.com\/index.php\/methodes-soins\/","name":"M\u00e9thodes & soins - Carine Lanthier","isPartOf":{"@id":"https:\/\/www.carinelanthier.com\/#website"},"primaryImageOfPage":{"@id":"https:\/\/www.carinelanthier.com\/index.php\/methodes-soins\/#primaryimage"},"image":{"@id":"https:\/\/www.carinelanthier.com\/index.php\/methodes-soins\/#primaryimage"},"thumbnailUrl":"https:\/\/www.carinelanthier.com\/wp-content\/uploads\/2025\/09\/CARINE-LANTHIER-CABINET-SEANCE-JPG-2000PX-11.jpg","datePublished":"2025-09-15T12:07:38+00:00","dateModified":"2026-04-28T14:30:48+00:00","description":"M\u00e9thodes & soins internes et externes selon la MTC par Carine Lanthier, th\u00e9rapeute \u00e0 Annecy-le-Vieux. Elle accompagne enfants et adultes.","breadcrumb":{"@id":"https:\/\/www.carinelanthier.com\/index.php\/methodes-soins\/#breadcrumb"},"inLanguage":"fr-FR","potentialAction":[{"@type":"ReadAction","target":["https:\/\/www.carinelanthier.com\/index.php\/methodes-soins\/"]}]},{"@type":"ImageObject","inLanguage":"fr-FR","@id":"https:\/\/www.carinelanthier.com\/index.php\/methodes-soins\/#primaryimage","url":"https:\/\/www.carinelanthier.com\/wp-content\/uploads\/2025\/09\/CARINE-LANTHIER-CABINET-SEANCE-JPG-2000PX-11.jpg","contentUrl":"https:\/\/www.carinelanthier.com\/wp-content\/uploads\/2025\/09\/CARINE-LANTHIER-CABINET-SEANCE-JPG-2000PX-11.jpg","width":2000,"height":1333},{"@type":"BreadcrumbList","@id":"https:\/\/www.carinelanthier.com\/index.php\/methodes-soins\/#breadcrumb","itemListElement":[{"@type":"ListItem","position":1,"name":"Home","item":"https:\/\/www.carinelanthier.com\/"},{"@type":"ListItem","position":2,"name":"M\u00e9thodes &#038; soins"}]},{"@type":"WebSite","@id":"https:\/\/www.carinelanthier.com\/#website","url":"https:\/\/www.carinelanthier.com\/","name":"Carine Lanthier","description":"","publisher":{"@id":"https:\/\/www.carinelanthier.com\/#organization"},"potentialAction":[{"@type":"SearchAction","target":{"@type":"EntryPoint","urlTemplate":"https:\/\/www.carinelanthier.com\/?s={search_term_string}"},"query-input":{"@type":"PropertyValueSpecification","valueRequired":true,"valueName":"search_term_string"}}],"inLanguage":"fr-FR"},{"@type":"Organization","@id":"https:\/\/www.carinelanthier.com\/#organization","name":"Carine Lanthier","url":"https:\/\/www.carinelanthier.com\/","logo":{"@type":"ImageObject","inLanguage":"fr-FR","@id":"https:\/\/www.carinelanthier.com\/#\/schema\/logo\/image\/","url":"https:\/\/www.carinelanthier.com\/wp-content\/uploads\/2025\/09\/Carine-Lanthier-therapeut-bien-etre-vitalite-tradition-chinoise-RVB-09.jpg","contentUrl":"https:\/\/www.carinelanthier.com\/wp-content\/uploads\/2025\/09\/Carine-Lanthier-therapeut-bien-etre-vitalite-tradition-chinoise-RVB-09.jpg","width":1772,"height":1181,"caption":"Carine Lanthier"},"image":{"@id":"https:\/\/www.carinelanthier.com\/#\/schema\/logo\/image\/"},"sameAs":["https:\/\/www.facebook.com\/profile.php?id=61568685437110"]}]}},"_links":{"self":[{"href":"https:\/\/www.carinelanthier.com\/index.php\/wp-json\/wp\/v2\/pages\/329","targetHints":{"allow":["GET"]}}],"collection":[{"href":"https:\/\/www.carinelanthier.com\/index.php\/wp-json\/wp\/v2\/pages"}],"about":[{"href":"https:\/\/www.carinelanthier.com\/index.php\/wp-json\/wp\/v2\/types\/page"}],"author":[{"embeddable":true,"href":"https:\/\/www.carinelanthier.com\/index.php\/wp-json\/wp\/v2\/users\/1"}],"replies":[{"embeddable":true,"href":"https:\/\/www.carinelanthier.com\/index.php\/wp-json\/wp\/v2\/comments?post=329"}],"version-history":[{"count":34,"href":"https:\/\/www.carinelanthier.com\/index.php\/wp-json\/wp\/v2\/pages\/329\/revisions"}],"predecessor-version":[{"id":568,"href":"https:\/\/www.carinelanthier.com\/index.php\/wp-json\/wp\/v2\/pages\/329\/revisions\/568"}],"wp:featuredmedia":[{"embeddable":true,"href":"https:\/\/www.carinelanthier.com\/index.php\/wp-json\/wp\/v2\/media\/303"}],"wp:attachment":[{"href":"https:\/\/www.carinelanthier.com\/index.php\/wp-json\/wp\/v2\/media?parent=329"}],"curies":[{"name":"wp","href":"https:\/\/api.w.org\/{rel}","templated":true}]}}